{"id":898,"date":"2019-04-14T12:45:44","date_gmt":"2019-04-14T12:45:44","guid":{"rendered":"http:\/\/www.angelsfriend.com\/?page_id=898"},"modified":"2023-08-18T13:26:41","modified_gmt":"2023-08-18T11:26:41","slug":"ivf","status":"publish","type":"page","link":"https:\/\/www.angelsfriend.com\/fr\/ivf\/","title":{"rendered":"FIV"},"content":{"rendered":"<div class=\"wp-blockade\"><div class=\"wp-blockade\"><!--themify_builder_content-->\n<div id=\"themify_builder_content-898\" data-postid=\"898\" class=\"themify_builder_content themify_builder_content-898 themify_builder tf_clear\">\n                    <div  data-lazy=\"1\" class=\"module_row themify_builder_row tb_b03ec97 tb_first tf_w\">\n                        <div class=\"row_inner col_align_top tb_col_count_2 tf_box tf_rel\">\n                        <div  data-lazy=\"1\" class=\"module_column tb-column col4-2 tb_s44b247 first\">\n                    <!-- module image -->\n<div  class=\"module module-image tb_4mmj632 image-top   tf_mw\" data-lazy=\"1\">\n        <div class=\"image-wrap tf_rel tf_mw\">\n            <img loading=\"lazy\" decoding=\"async\" src=\"http:\/\/www.angelsfriend.com\/wp-content\/uploads\/2020\/07\/IVF-pregnancy.jpg\" width=\"640\" height=\"425\" title=\"FIV\" alt=\"IVF\">    \n        <\/div>\n    <!-- \/image-wrap -->\n    \n        <\/div>\n<!-- \/module image -->        <\/div>\n                    <div  data-lazy=\"1\" class=\"module_column tb-column col4-2 tb_u592974 last\">\n                    <!-- module text -->\n<div  class=\"module module-text tb_hopn14  repeat\" data-lazy=\"1\">\n    <h3 class=\"module-title\"> FIV<\/h3>    <div  class=\"tb_text_wrap\">\n        <p>\u00a0<\/p>\n<p class=\"MsoNormal\" style=\"margin-bottom: 0cm; line-height: normal;\"><span style=\"font-size: 12pt; font-family: Regular, serif; color: #241d2f;\">Des milliers de parents d\u2019intention (couples, hommes et femmes c\u00e9libataires) \u00e0 travers le monde ont b\u00e9n\u00e9fici\u00e9 de l\u2019avanc\u00e9e des techniques de la FIV pour avoir la joie d\u2019\u00eatre parent pour la premi\u00e8re fois. Plus d\u2019un seul cycle peut \u00eatre n\u00e9cessaire en raison d\u2019un certain nombre de facteurs qui influencent son succ\u00e8s.<\/span><\/p>\n<p class=\"MsoNormal\" style=\"margin-bottom: 0cm; line-height: normal;\"><span style=\"font-size: 12pt; font-family: Regular, serif; color: #241d2f;\">\u00a0<\/span><\/p>\n<p class=\"translation-block\">La FIV offre \u00e9galement la possibilit\u00e9 de congeler des ovules de bonne qualit\u00e9 pendant qu\u2019une femme est au sommet de sa fertilit\u00e9. Il donne la chance \u00e0 toutes les femmes d\u2019affaires et \u00e0 celles qui donnent la priorit\u00e9 \u00e0 leur carri\u00e8re en premier, de r\u00e9ussir \u00e0 cr\u00e9er leur famille sans stress \u00e0 un \u00e2ge plus avanc\u00e9.<\/p>    <\/div>\n<\/div>\n<!-- \/module text -->        <\/div>\n                        <\/div>\n        <\/div>\n                        <div  data-lazy=\"1\" class=\"module_row themify_builder_row tb_9c8daa7 tf_w\">\n                        <div class=\"row_inner col_align_top tb_col_count_2 tf_box tf_rel\">\n                        <div  data-lazy=\"1\" class=\"module_column tb-column col4-2 tb_080c0c4 first\">\n                    <!-- module text -->\n<div  class=\"module module-text tb_d8d2c1e  repeat\" data-lazy=\"1\">\n    <h3 class=\"module-title\">Don d'ovocyte<\/h3>    <div  class=\"tb_text_wrap\">\n        <p>\u00a0<\/p>\n<p>La FIV peut \u00eatre r\u00e9alis\u00e9e avec une donneuse d\u2019ovules si la qualit\u00e9 des ovules de la m\u00e8re d\u2019intention est affect\u00e9e ou n\u2019est pas produite en quantit\u00e9 suffisante. De nombreuses femmes ont besoin d\u2019un don d\u2019ovules pour diverses raisons. Peu importe la raison, visitez notre page <a style=\"font-weight: bold;\" href=\"http:\/\/www.angelsfriend.com\/fr\/egg-donation\/\">Don d'ovocytes<\/a>\u00a0ou <strong><a href=\"http:\/\/www.angelsfriend.com\/fr\/contact-us\/\">contactez-nous<\/a><\/strong> pour plus d'informations<\/p>    <\/div>\n<\/div>\n<!-- \/module text -->        <\/div>\n                    <div  data-lazy=\"1\" class=\"module_column tb-column col4-2 tb_m0f511 last\">\n                    <!-- module image -->\n<div  class=\"module module-image tb_7wha943 image-top   tf_mw\" data-lazy=\"1\">\n        <div class=\"image-wrap tf_rel tf_mw\">\n            <img loading=\"lazy\" decoding=\"async\" src=\"http:\/\/www.angelsfriend.com\/wp-content\/uploads\/2019\/03\/pexels-photo-1036623.jpeg\" width=\"640\" height=\"427\" title=\"FIV\" alt=\"IVF\">    \n        <\/div>\n    <!-- \/image-wrap -->\n    \n        <\/div>\n<!-- \/module image -->        <\/div>\n                        <\/div>\n        <\/div>\n                        <div  data-lazy=\"1\" class=\"module_row themify_builder_row tb_gkgl826 tf_w\">\n                        <div class=\"row_inner col_align_top tb_col_count_2 tf_box tf_rel\">\n                        <div  data-lazy=\"1\" class=\"module_column tb-column col4-2 tb_fr7c826 first\">\n                    <!-- module image -->\n<div  class=\"module module-image tb_nj93827 image-top   tf_mw\" data-lazy=\"1\">\n        <div class=\"image-wrap tf_rel tf_mw\">\n            <img loading=\"lazy\" decoding=\"async\" src=\"http:\/\/www.angelsfriend.com\/wp-content\/uploads\/2019\/04\/belly-expecting-female-41271.jpg\" width=\"598\" height=\"529\" title=\"FIV\" alt=\"IVF\">    \n        <\/div>\n    <!-- \/image-wrap -->\n    \n        <\/div>\n<!-- \/module image -->        <\/div>\n                    <div  data-lazy=\"1\" class=\"module_column tb-column col4-2 tb_10lh827 last\">\n                    <!-- module text -->\n<div  class=\"module module-text tb_50c5202  repeat\" data-lazy=\"1\">\n    <h3 class=\"module-title\">IVF cost with medications<\/h3>    <div  class=\"tb_text_wrap\">\n        <p>\u00a0Introducing our all inclusive IVF packages with medications with <span style=\"font-weight: bold;\">NO EXTRA COST<\/span>.<\/p>\n<p>\u00a0Cost of the journey are made simpler and more affordable as we take away your financial burden during the difficult time of trying to conceiving.<\/p>\n<p><a href=\"https:\/\/www.angelsfriend.com\/fr\/ivf-cost\/\">Click here<\/a> for more details about IVF cost with medications<\/p>    <\/div>\n<\/div>\n<!-- \/module text -->        <\/div>\n                        <\/div>\n        <\/div>\n                        <div  data-lazy=\"1\" class=\"module_row themify_builder_row tb_ef5x714 tf_w\">\n                        <div class=\"row_inner col_align_top tb_col_count_1 tf_box tf_rel\">\n                        <div  data-lazy=\"1\" class=\"module_column tb-column col-full tb_ufbj714 first\">\n                    <!-- module accordion -->\n<div  class=\"module module-accordion tb_o15d714\" data-behavior=\"toggle\" data-lazy=\"1\">\n    <h3 class=\"module-title\">Le parcours \u00e9tape par \u00e9tape<\/h3>\n    <ul class=\"ui module-accordion   tb_default_color\">\n            <li>\n            <div class=\"accordion-title tf_rel\">\n                <a href=\"#acc-o15d714-0\" class=\"tb_title_accordion\" aria-controls=\"acc-o15d714-0-content\" aria-expanded=\"false\">\n                                                            <span class=\"accordion-title-wrap\">\u00c9tape 1 : Comprendre vos besoins<\/span>                <\/a>\n            <\/div><!-- .accordion-title -->\n            <div id=\"acc-o15d714-0-content\" data-id=\"acc-o15d714-0\" aria-hidden=\"true\" class=\"accordion-content tf_hide tf_clearfix\">\n                                    <div class=\"tb_text_wrap\">\n                        <p>Les informations sur le traitement et la proc\u00e9dure de la GPA vous sont fournies. Ces informations comprennent les services, la proc\u00e9dure de sortie, les d\u00e9tails d\u2019un parcours de maternit\u00e9 de substitution et les co\u00fbts li\u00e9s au parcours choisi.<\/p>\n<p>Une consultation t\u00e9l\u00e9phonique est pr\u00e9vue pour discuter en d\u00e9tail le processus et r\u00e9pondre \u00e0 toutes vos questions.<\/p>                    <\/div>\n                            <\/div><!-- .accordion-content -->\n        <\/li>\n            <li>\n            <div class=\"accordion-title tf_rel\">\n                <a href=\"#acc-o15d714-1\" class=\"tb_title_accordion\" aria-controls=\"acc-o15d714-1-content\" aria-expanded=\"false\">\n                                                            <span class=\"accordion-title-wrap\">\u00c9tape 2 : Approbation<\/span>                <\/a>\n            <\/div><!-- .accordion-title -->\n            <div id=\"acc-o15d714-1-content\" data-id=\"acc-o15d714-1\" aria-hidden=\"true\" class=\"accordion-content tf_hide tf_clearfix\">\n                                    <div class=\"tb_text_wrap\">\n                        <p>Upon completion of eligibility form available in the contact us page, medical history and previous fertility treatments are checked to confirm that Intended Parents are eligible to surrogacy under the appropriate laws<\/p>                    <\/div>\n                            <\/div><!-- .accordion-content -->\n        <\/li>\n            <li>\n            <div class=\"accordion-title tf_rel\">\n                <a href=\"#acc-o15d714-2\" class=\"tb_title_accordion\" aria-controls=\"acc-o15d714-2-content\" aria-expanded=\"false\">\n                                                            <span class=\"accordion-title-wrap\">\u00c9tape 3 : Accord <\/span>                <\/a>\n            <\/div><!-- .accordion-title -->\n            <div id=\"acc-o15d714-2-content\" data-id=\"acc-o15d714-2\" aria-hidden=\"true\" class=\"accordion-content tf_hide tf_clearfix\">\n                                    <div class=\"tb_text_wrap\">\n                        <p>Votre parcours de maternit\u00e9 de substitution avec Angels Friend est confirm\u00e9.<\/p>\n<p>Le profil d\u2019une candidate ou de plusieurs \u2018Angels mam\u2019 est pr\u00e9sent\u00e9 aux parents d'intention pour approbation.<\/p>\n<p>Un accord \u00e9crit est sign\u00e9<\/p>\n<p>Le premier paiement est effectu\u00e9 pour commencer le traitement.<\/p>                    <\/div>\n                            <\/div><!-- .accordion-content -->\n        <\/li>\n            <li>\n            <div class=\"accordion-title tf_rel\">\n                <a href=\"#acc-o15d714-3\" class=\"tb_title_accordion\" aria-controls=\"acc-o15d714-3-content\" aria-expanded=\"false\">\n                                                            <span class=\"accordion-title-wrap\">\u00c9tape 4: Analyses m\u00e9dicales et stimulation<\/span>                <\/a>\n            <\/div><!-- .accordion-title -->\n            <div id=\"acc-o15d714-3-content\" data-id=\"acc-o15d714-3\" aria-hidden=\"true\" class=\"accordion-content tf_hide tf_clearfix\">\n                                    <div class=\"tb_text_wrap\">\n                        <p>Premi\u00e8rement, les parents d'intention et leur \u2018Angels mam\u2019 vont \u00e0 travers un examen m\u00e9dical  supervis\u00e9 par notre clinique.<\/p>\n<p class=\"yiv1736839796msonormal\"><strong>FIV sans don d'ovocytes<\/strong>: des m\u00e9dicaments de fertilit\u00e9 et des injections quotidiennes sont pris pour stimuler les ovaires.<\/p>\n<p>ou<\/p>\n<p class=\"yiv1736839796msonormal\"><strong>FIV avec don d'ovocyte<\/strong>: la donneuse d\u2019ovules choisie par les parents d'intention prend les m\u00e9dicaments et les injections quotidiennes pour la stimulation ovarienne.<\/p>\n<p>Pendant ce temps, votre \u2018Angels mam\u2019 commense la pr\u00e9paration de l\u2019ut\u00e9rus pour le transfert d\u2019embryons.<\/p>                    <\/div>\n                            <\/div><!-- .accordion-content -->\n        <\/li>\n            <li>\n            <div class=\"accordion-title tf_rel\">\n                <a href=\"#acc-o15d714-4\" class=\"tb_title_accordion\" aria-controls=\"acc-o15d714-4-content\" aria-expanded=\"false\">\n                                                            <span class=\"accordion-title-wrap\">\u00c9tape 5 : Gestation<\/span>                <\/a>\n            <\/div><!-- .accordion-title -->\n            <div id=\"acc-o15d714-4-content\" data-id=\"acc-o15d714-4\" aria-hidden=\"true\" class=\"accordion-content tf_hide tf_clearfix\">\n                                    <div class=\"tb_text_wrap\">\n                        <p>14 jours apr\u00e8s le transfert d\u2019embryons, la grossesse est confirm\u00e9e par un test sanguin.<\/p>\n<p>Les parents d\u2019intention sont inform\u00e9s \u00e0 chaque \u00e9tape de la grossesse.<\/p>\n<p>Votre \u2018Angels mam\u2019 est relocalis\u00e9e dans la ville d\u2019accouchement vers la fin de la grossesse.<\/p>                    <\/div>\n                            <\/div><!-- .accordion-content -->\n        <\/li>\n            <li>\n            <div class=\"accordion-title tf_rel\">\n                <a href=\"#acc-o15d714-5\" class=\"tb_title_accordion\" aria-controls=\"acc-o15d714-5-content\" aria-expanded=\"false\">\n                                                            <span class=\"accordion-title-wrap\">\u00c9tape 6 : Naissance<\/span>                <\/a>\n            <\/div><!-- .accordion-title -->\n            <div id=\"acc-o15d714-5-content\" data-id=\"acc-o15d714-5\" aria-hidden=\"true\" class=\"accordion-content tf_hide tf_clearfix\">\n                                    <div class=\"tb_text_wrap\">\n                        <p>Tous les d\u00e9tails et pr\u00e9paratifs lies \u00e0 l\u2019accouchement sont organis\u00e9s<\/p>\n<p>Votre coordinateur est pr\u00e9sent \u00e0 l\u2019h\u00f4pital pour vous soutenir dans toute vos d\u00e9marches et t\u00e2ches administratives<\/p>\n<p>Les derni\u00e8res formalit\u00e9s administratives sont effectu\u00e9es et la pr\u00e9paration de retour avec votre b\u00e9b\u00e9 est organis\u00e9e<\/p>                    <\/div>\n                            <\/div><!-- .accordion-content -->\n        <\/li>\n        <\/ul>\n\n<\/div><!-- \/module accordion -->        <\/div>\n                        <\/div>\n        <\/div>\n        <\/div>\n<!--\/themify_builder_content--><\/div><\/div>","protected":false},"excerpt":{"rendered":"IVF \u00a0 Thousands of intended parents (couples, single males and females) benefit from the breakthrough of IVF procedure to infertility to experience the joy motherhood and fatherhood. More than a single cycle may be required due to a number of factors that influence its success. \u00a0 IVF also provides the opportunity to freeze good quality<p><a href=\"https:\/\/www.angelsfriend.com\/fr\/ivf\/\" class=\"more-link themebutton\">Read More<\/a><\/p>","protected":false},"author":1,"featured_media":0,"parent":0,"menu_order":0,"comment_status":"closed","ping_status":"closed","template":"","meta":{"footnotes":""},"class_list":["post-898","page","type-page","status-publish","hentry"],"builder_content":"<img src=\"http:\/\/www.angelsfriend.com\/wp-content\/uploads\/2020\/07\/IVF-pregnancy.jpg\" width=\"640\" height=\"425\" title=\"IVF\" alt=\"IVF\">\n<h3> IVF<\/h3> <p>\u00a0<\/p> <p style=\"margin-bottom: 0cm; line-height: normal;\">Thousands of intended parents (couples, single males and females) benefit from the breakthrough of IVF procedure to infertility to experience the joy motherhood and fatherhood. More than a single cycle may be required due to a number of factors that influence its success.<\/p> <p style=\"margin-bottom: 0cm; line-height: normal;\">\u00a0<\/p> <p>IVF also provides the opportunity to freeze good quality eggs while a woman is on top of her fertility. It gives the chance to\u00a0all business women and those that prioritise their career first, to succeed in creating their family stress-free at a later age.\u00a0<\/p>\n<h3>Egg donation<\/h3> <p>\u00a0<\/p> <p>IVF can be carried out using an egg donor if the intended mother eggs quality is affected or is not produced in sufficient quantity. Many women required egg donation for various reasons. No matter the reason, visit our <a style=\"font-weight: bold;\" href=\"http:\/\/www.angelsfriend.com\/egg-donation\/\">egg donation<\/a>\u00a0page or <strong><a href=\"http:\/\/www.angelsfriend.com\/contact-us\/\">contact us<\/a><\/strong> for more information<\/p>\n<img src=\"http:\/\/www.angelsfriend.com\/wp-content\/uploads\/2019\/03\/pexels-photo-1036623.jpeg\" width=\"640\" height=\"427\" title=\"IVF\" alt=\"IVF\">\n<img src=\"http:\/\/www.angelsfriend.com\/wp-content\/uploads\/2019\/04\/belly-expecting-female-41271.jpg\" width=\"598\" height=\"529\" title=\"IVF\" alt=\"IVF\">\n<h3>IVF cost with medications<\/h3> <p>\u00a0Introducing our all inclusive IVF packages with medications with NO EXTRA COST.<\/p> <p>\u00a0Cost of the journey are made simpler and more affordable as we take away your financial burden during the difficult time of trying to conceiving.<\/p> <p><a href=\"https:\/\/www.angelsfriend.com\/ivf-cost\/\">Click here<\/a> for more details about IVF cost with medications<\/p>\n<h3>Step by step journey<\/h3><ul><li><h4>Step 1: Understanding your needs<\/h4><p>Information on surrogacy treatment and procedure are provided. Such information includes the services, exit process, a surrogacy journey details, and the cost.<\/p> <p>A phone consultation is scheduled to discuss the process in depth and address all questions that may arise.<\/p><\/li><li><h4>Step 2: Approval<\/h4><p>Upon completion of eligibility form available in the contact us page, medical history and previous fertility treatments are checked to confirm that Intended Parents are eligible to surrogacy under the appropriate laws<\/p><\/li><li><h4>Step 3: Agreement <\/h4><p>Your surrogacy journey with Angels Friend\u00a0is confirmed.<\/p> <p>The profile of an Angels mother candidate is presented to Intended Parents for approval.<\/p> <p>A written agreement with Angels Friend is signed<\/p> <p>The first payment is made to start the treatment.<\/p><\/li><li><h4>Step 4: Medical Screening and Stimulation<\/h4><p>First, Intended Parents and their Angels mother undergo thorough medical screening supervised by the clinic.<\/p> <p><strong>Intended mother own eggs<\/strong>: fertility drugs and daily injections are taken to stimulate ovaries.<\/p> <p>or<\/p> <p><strong>Egg donor<\/strong>: the egg donor chosen by the Intended Parents takes the medications and daily injections to stimulate ovaries.<\/p> <p>In the meantime, your surrogate undergoes uterus preparation for embryo transfer.<\/p><\/li><li><h4>Step 5: Pregnancy<\/h4><p>Following Embryo Transfer 14 days earlier, pregnancy is confirmed by blood test.<\/p> <p>Intended Parents are informed at each stage of the pregnancy.<\/p> <p>Your Angels mother is relocated to the city of delivery toward the end of pregnancy.<\/p><\/li><li><h4>Step 6: Birth<\/h4><p>Logistic surrounding delivery is arranged<\/p> <p>Your coordinator is available at the hospital for support and administrative duties<\/p> <p>Documents required to established the new-born passport are released to the parents<\/p><\/li><\/ul>","_links":{"self":[{"href":"https:\/\/www.angelsfriend.com\/fr\/wp-json\/wp\/v2\/pages\/898","targetHints":{"allow":["GET"]}}],"collection":[{"href":"https:\/\/www.angelsfriend.com\/fr\/wp-json\/wp\/v2\/pages"}],"about":[{"href":"https:\/\/www.angelsfriend.com\/fr\/wp-json\/wp\/v2\/types\/page"}],"author":[{"embeddable":true,"href":"https:\/\/www.angelsfriend.com\/fr\/wp-json\/wp\/v2\/users\/1"}],"replies":[{"embeddable":true,"href":"https:\/\/www.angelsfriend.com\/fr\/wp-json\/wp\/v2\/comments?post=898"}],"version-history":[{"count":23,"href":"https:\/\/www.angelsfriend.com\/fr\/wp-json\/wp\/v2\/pages\/898\/revisions"}],"predecessor-version":[{"id":2531,"href":"https:\/\/www.angelsfriend.com\/fr\/wp-json\/wp\/v2\/pages\/898\/revisions\/2531"}],"wp:attachment":[{"href":"https:\/\/www.angelsfriend.com\/fr\/wp-json\/wp\/v2\/media?parent=898"}],"curies":[{"name":"wp","href":"https:\/\/api.w.org\/{rel}","templated":true}]}}