{"id":843,"date":"2019-03-08T17:20:34","date_gmt":"2019-03-08T17:20:34","guid":{"rendered":"http:\/\/www.angelsfriend.com\/?page_id=843"},"modified":"2023-01-27T15:01:32","modified_gmt":"2023-01-27T14:01:32","slug":"egg-donation","status":"publish","type":"page","link":"https:\/\/www.angelsfriend.com\/fr\/egg-donation\/","title":{"rendered":"Don d'ovocyte"},"content":{"rendered":"<div class=\"wp-blockade\"><div class=\"wp-blockade\"><!--themify_builder_content-->\n<div id=\"themify_builder_content-843\" data-postid=\"843\" class=\"themify_builder_content themify_builder_content-843 themify_builder tf_clear\">\n                    <div  data-lazy=\"1\" class=\"module_row themify_builder_row tb_537bf37 tb_first tf_w\">\n                        <div class=\"row_inner col_align_top tb_col_count_3 tf_box tf_rel\">\n                        <div  data-lazy=\"1\" class=\"module_column tb-column col3-1 tb_592fa35 first\">\n                    <!-- module image -->\n<div  class=\"module module-image tb_019f221 image-top   tf_mw\" data-lazy=\"1\">\n        <div class=\"image-wrap tf_rel tf_mw\">\n            <img loading=\"lazy\" decoding=\"async\" src=\"http:\/\/www.angelsfriend.com\/wp-content\/uploads\/2019\/04\/adult-beautiful-close-up-38554.jpg\" width=\"609\" height=\"630\" title=\"Don d&#039;ovocyte\" alt=\"Egg donation\">    \n        <\/div>\n    <!-- \/image-wrap -->\n    \n        <\/div>\n<!-- \/module image -->        <\/div>\n                    <div  data-lazy=\"1\" class=\"module_column tb-column col3-1 tb_f381585\">\n                    <!-- module image -->\n<div  class=\"module module-image tb_1677316 image-top   tf_mw\" data-lazy=\"1\">\n        <div class=\"image-wrap tf_rel tf_mw\">\n            <img loading=\"lazy\" decoding=\"async\" src=\"http:\/\/www.angelsfriend.com\/wp-content\/uploads\/2019\/04\/beautiful-blur-blurred-background-733872.jpg\" width=\"413\" height=\"426\" title=\"Don d&#039;ovocyte\" alt=\"Egg donation\">    \n        <\/div>\n    <!-- \/image-wrap -->\n    \n        <\/div>\n<!-- \/module image -->        <\/div>\n                    <div  data-lazy=\"1\" class=\"module_column tb-column col3-1 tb_e9b5214 last\">\n                    <!-- module image -->\n<div  class=\"module module-image tb_b8fb0f4 image-top   tf_mw\" data-lazy=\"1\">\n        <div class=\"image-wrap tf_rel tf_mw\">\n            <img loading=\"lazy\" decoding=\"async\" src=\"http:\/\/www.angelsfriend.com\/wp-content\/uploads\/2019\/04\/beautiful-brunette-cute-774909.jpg\" width=\"640\" height=\"657\" title=\"Don d&#039;ovocyte\" alt=\"Egg donation\">    \n        <\/div>\n    <!-- \/image-wrap -->\n    \n        <\/div>\n<!-- \/module image -->        <\/div>\n                        <\/div>\n        <\/div>\n                        <div  data-lazy=\"1\" class=\"module_row themify_builder_row tb_43647fb tf_w\">\n                        <div class=\"row_inner col_align_top tb_col_count_1 tf_box tf_rel\">\n                        <div  data-lazy=\"1\" class=\"module_column tb-column col-full tb_a8c8539 first\">\n                    <!-- module box -->\n<div  class=\"module module-box tb_a3cf3b7\" data-lazy=\"1\">\n    <div class=\"module-box-content ui  tb_default_color\">\n                <div class=\"tb_text_wrap\"><p>\u00a0<span style=\"font-size: 16px\">De nombreuses femmes avec des ant\u00e9c\u00e9dents m\u00e9dicaux ont besoins d\u2019un don d\u2019ovocyte pour esp\u00e9rer devenir maman. Le don peut \u00eatre pour diff\u00e9rentes finalit\u00e9s:<\/span><\/p>\n<p>\u00a0<\/p>\n<p>\u00a0<img loading=\"lazy\" decoding=\"async\" class=\"\" style=\"font-family: inherit;font-style: inherit;font-weight: inherit\" src=\"https:\/\/cdn3.iconfinder.com\/data\/icons\/test-tube-baby-procedure-flat\/134\/Untitled-2-09-64.png\" alt=\"ivf process, stages, ivf, external, fertilization, implementation, fetus development \" width=\"40\" height=\"40\"><span style=\"font-size: 16px\">\u00a0pour tomber elle-m\u00eame enceinte, d\u2019o\u00f9 la FIV avec don d\u2019ovules est n\u00e9cessaire.<\/span><\/p>\n<p><img loading=\"lazy\" decoding=\"async\" class=\"\" style=\"font-family: inherit;font-style: inherit;font-weight: inherit\" src=\"https:\/\/cdn0.iconfinder.com\/data\/icons\/fertilization-treat\/100\/freezing_embryo_color_treat_help_consultation_analysis-64.png\" alt=\"freezing, embryo, treat, help, consultation, analysis \" width=\"40\" height=\"40\">\u00a0pour congeler les ovules ou les embryons en vue d\u2019un traitement ult\u00e9rieur. Par cons\u00e9quent, la congelation est l\u2019objectif final.<\/p>\n<p><img loading=\"lazy\" decoding=\"async\" class=\"tb_selected_img\" src=\"https:\/\/cdn1.iconfinder.com\/data\/icons\/pregnant-woman\/5\/Pregnancy-07-64.png\" alt=\"pregnancy, woman, maternity, pregnant, baby, belly, birth \" width=\"40\" height=\"40\">\u00a0<span style=\"font-size: 16px\">pour un recours \u00e0 la GPA, connue sous le nom de GPA avec don d\u2019ovocytes.<\/span><\/p><\/div>\n    <\/div>\n<\/div>\n<!-- \/module box -->\n        <\/div>\n                        <\/div>\n        <\/div>\n                        <div  data-lazy=\"1\" class=\"module_row themify_builder_row tb_e255fbe tf_w\">\n                        <div class=\"row_inner col_align_top tb_col_count_3 tf_box tf_rel\">\n                        <div  data-lazy=\"1\" class=\"module_column tb-column col3-1 tb_ee75101 first\">\n                    <!-- module image -->\n<div  class=\"module module-image tb_3779466 image-top   auto_fullwidth tf_mw\" data-lazy=\"1\">\n        <div class=\"image-wrap tf_rel tf_mw\">\n            <img loading=\"lazy\" decoding=\"async\" src=\"http:\/\/www.angelsfriend.com\/wp-content\/uploads\/2019\/04\/adult-afro-beautiful-1858175.jpg\" width=\"355\" height=\"404\" title=\"Don d&#039;ovocyte\" alt=\"Egg donation\">    \n        <\/div>\n    <!-- \/image-wrap -->\n    \n        <\/div>\n<!-- \/module image -->        <\/div>\n                    <div  data-lazy=\"1\" class=\"module_column tb-column col3-1 tb_635052d\">\n                    <!-- module image -->\n<div  class=\"module module-image tb_fe9c097 image-top   auto_fullwidth tf_mw\" data-lazy=\"1\">\n        <div class=\"image-wrap tf_rel tf_mw\">\n            <img loading=\"lazy\" decoding=\"async\" src=\"http:\/\/www.angelsfriend.com\/wp-content\/uploads\/2019\/04\/beautiful-beauty-blond-1587009.jpg\" width=\"355\" height=\"407\" title=\"Don d&#039;ovocyte\" alt=\"Egg donation\">    \n        <\/div>\n    <!-- \/image-wrap -->\n    \n        <\/div>\n<!-- \/module image -->        <\/div>\n                    <div  data-lazy=\"1\" class=\"module_column tb-column col3-1 tb_fd72b1a last\">\n                    <!-- module image -->\n<div  class=\"module module-image tb_7c49a1c image-top   auto_fullwidth tf_mw\" data-lazy=\"1\">\n        <div class=\"image-wrap tf_rel tf_mw\">\n            <img loading=\"lazy\" decoding=\"async\" src=\"http:\/\/www.angelsfriend.com\/wp-content\/uploads\/2019\/04\/adult-beautiful-blond-hair-1130626.jpg\" width=\"621\" height=\"723\" title=\"Don d&#039;ovocyte\" alt=\"Egg donation\">    \n        <\/div>\n    <!-- \/image-wrap -->\n    \n        <\/div>\n<!-- \/module image -->        <\/div>\n                        <\/div>\n        <\/div>\n                        <div  data-lazy=\"1\" class=\"module_row themify_builder_row tb_3d3616f tf_w\">\n                        <div class=\"row_inner col_align_top tb_col_count_1 tf_box tf_rel\">\n                        <div  data-lazy=\"1\" class=\"module_column tb-column col-full tb_3898a8d first\">\n                    <!-- module text -->\n<div  class=\"module module-text tb_m6e4454\" data-lazy=\"1\">\n    <h3 class=\"module-title\">Nos Donneuses<\/h3>    <div  class=\"tb_text_wrap\">\n        <p>\u00a0<\/p>\n<p style=\"font-family: 'Open Sans', Helvetica, Arial; font-size: 16px; font-style: normal; font-weight: 400; background-image: none; background-clip: border-box;\"><img loading=\"lazy\" decoding=\"async\" class=\"\" style=\"font-family: inherit; font-size: 12px; font-style: inherit; font-weight: inherit; background-color: initial;\" src=\"https:\/\/cdn4.iconfinder.com\/data\/icons\/casual-avatars-1\/24\/user_avatar_profile_girl_woman_sports_ponnytail-64.png\" alt=\"user, avatar, profile, girl, woman, sports, ponnytail \" width=\"41\" height=\"41\"> \u00a0<span style=\"font-family: 'Open Sans', Helvetica, Arial; font-size: 16px; font-style: normal; font-weight: 400; background-color: initial;\">Les donneuses d\u2019ovules sont m\u00e9ticuleusement m\u00e9dicalement examin\u00e9es avec toutes les normes requises \u00e0 la clinique<\/span><\/p>\n<p style=\"font-family: 'Open Sans', Helvetica, Arial; font-size: 16px; font-style: normal; font-weight: 400; background-image: none; background-clip: border-box;\"><img loading=\"lazy\" decoding=\"async\" class=\"\" style=\"font-family: inherit; font-size: 12px; font-style: inherit; font-weight: inherit; background-color: initial;\" src=\"https:\/\/cdn4.iconfinder.com\/data\/icons\/barbershop-hairdressing-2\/24\/scissors_shears_barbershop_hair_salon_barber_haircut-64.png\" alt=\"scissors, shears, barbershop, hair, salon, barber, haircut \" width=\"40\" height=\"40\"> Une s\u00e9lection rigoureuse avec seulement une fraction des candidates inscrites dans nos base de donn\u00e9es.\u00a0<\/p>\n<p style=\"font-family: 'Open Sans', Helvetica, Arial; font-size: 16px; font-style: normal; font-weight: 400; background-image: none; background-clip: border-box;\"><img loading=\"lazy\" decoding=\"async\" class=\"\" style=\"font-family: inherit; font-size: 12px; font-style: inherit; font-weight: inherit; background-color: initial;\" src=\"https:\/\/cdn4.iconfinder.com\/data\/icons\/back-to-school-291\/24\/mortarboard_graduation_education_school_university_college_graduate-64.png\" alt=\"mortarboard, graduation, education, school, university, college, graduate \" width=\"40\" height=\"40\"> Toutes les donneuses ont obtenu au moins un dipl\u00f4me d\u2019\u00e9tudes secondaires, et la majorit\u00e9 sont des jeunes \u00e9tudiants universitaires.<\/p>\n<p style=\"font-family: 'Open Sans', Helvetica, Arial; font-size: 16px; font-style: normal; font-weight: 400; background-image: none; background-clip: border-box;\"><img loading=\"lazy\" decoding=\"async\" class=\"tb_selected_img\" style=\"font-family: inherit; font-size: 12px; font-style: inherit; font-weight: inherit; background-color: initial;\" src=\"https:\/\/cdn2.iconfinder.com\/data\/icons\/romance-14\/64\/application-matching-love-dating-64.png\" alt=\"application, dating, love, matching \" width=\"40\" height=\"63\"> Les profils des donneuses qui correspondent le plus possible aux exigences des parents d\u2019intention seront pr\u00e9sent\u00e9s pour la s\u00e9lection.<\/p>    <\/div>\n<\/div>\n<!-- \/module text -->        <\/div>\n                        <\/div>\n        <\/div>\n                        <div  data-lazy=\"1\" class=\"module_row themify_builder_row tb_djpq657 tf_w\">\n                        <div class=\"row_inner col_align_top tb_col_count_1 tf_box tf_rel\">\n                        <div  data-lazy=\"1\" class=\"module_column tb-column col-full tb_ou9y658 first\">\n                    <!-- module accordion -->\n<div  class=\"module module-accordion tb_x1bt658\" data-behavior=\"toggle\" data-lazy=\"1\">\n    <h3 class=\"module-title\">Le parcours \u00e9tape par \u00e9tape<\/h3>\n    <ul class=\"ui module-accordion   tb_default_color\">\n            <li>\n            <div class=\"accordion-title tf_rel\">\n                <a href=\"#acc-x1bt658-0\" class=\"tb_title_accordion\" aria-controls=\"acc-x1bt658-0-content\" aria-expanded=\"false\">\n                                                            <span class=\"accordion-title-wrap\">\u00c9tape 1 : Comprendre vos besoins<\/span>                <\/a>\n            <\/div><!-- .accordion-title -->\n            <div id=\"acc-x1bt658-0-content\" data-id=\"acc-x1bt658-0\" aria-hidden=\"true\" class=\"accordion-content tf_hide tf_clearfix\">\n                                    <div class=\"tb_text_wrap\">\n                        <p>Les informations sur le traitement et la proc\u00e9dure de la GPA vous sont fournies. Ces informations comprennent les services, la proc\u00e9dure de sortie, les d\u00e9tails d\u2019un parcours de maternit\u00e9 de substitution et les co\u00fbts li\u00e9s au parcours choisi.<\/p>\n<p>Une consultation t\u00e9l\u00e9phonique est pr\u00e9vue pour discuter en d\u00e9tail le processus et r\u00e9pondre \u00e0 toutes vos questions.<\/p>                    <\/div>\n                            <\/div><!-- .accordion-content -->\n        <\/li>\n            <li>\n            <div class=\"accordion-title tf_rel\">\n                <a href=\"#acc-x1bt658-1\" class=\"tb_title_accordion\" aria-controls=\"acc-x1bt658-1-content\" aria-expanded=\"false\">\n                                                            <span class=\"accordion-title-wrap\">\u00c9tape 2 : Approbation<\/span>                <\/a>\n            <\/div><!-- .accordion-title -->\n            <div id=\"acc-x1bt658-1-content\" data-id=\"acc-x1bt658-1\" aria-hidden=\"true\" class=\"accordion-content tf_hide tf_clearfix\">\n                                    <div class=\"tb_text_wrap\">\n                        <p>Upon completion of eligibility form available in the contact us page, medical history and previous fertility treatments are checked to confirm that Intended Parents are eligible to surrogacy under the appropriate laws<\/p>                    <\/div>\n                            <\/div><!-- .accordion-content -->\n        <\/li>\n            <li>\n            <div class=\"accordion-title tf_rel\">\n                <a href=\"#acc-x1bt658-2\" class=\"tb_title_accordion\" aria-controls=\"acc-x1bt658-2-content\" aria-expanded=\"false\">\n                                                            <span class=\"accordion-title-wrap\">\u00c9tape 3 : Accord <\/span>                <\/a>\n            <\/div><!-- .accordion-title -->\n            <div id=\"acc-x1bt658-2-content\" data-id=\"acc-x1bt658-2\" aria-hidden=\"true\" class=\"accordion-content tf_hide tf_clearfix\">\n                                    <div class=\"tb_text_wrap\">\n                        <p>Votre parcours de maternit\u00e9 de substitution avec Angels Friend est confirm\u00e9.<\/p>\n<p>Le profil d\u2019une candidate ou de plusieurs \u2018Angels mam\u2019 est pr\u00e9sent\u00e9 aux parents d'intention pour approbation.<\/p>\n<p>Un accord \u00e9crit est sign\u00e9<\/p>\n<p>Le premier paiement est effectu\u00e9 pour commencer le traitement.<\/p>                    <\/div>\n                            <\/div><!-- .accordion-content -->\n        <\/li>\n            <li>\n            <div class=\"accordion-title tf_rel\">\n                <a href=\"#acc-x1bt658-3\" class=\"tb_title_accordion\" aria-controls=\"acc-x1bt658-3-content\" aria-expanded=\"false\">\n                                                            <span class=\"accordion-title-wrap\">\u00c9tape 4: Analyses m\u00e9dicales et stimulation<\/span>                <\/a>\n            <\/div><!-- .accordion-title -->\n            <div id=\"acc-x1bt658-3-content\" data-id=\"acc-x1bt658-3\" aria-hidden=\"true\" class=\"accordion-content tf_hide tf_clearfix\">\n                                    <div class=\"tb_text_wrap\">\n                        <p>Premi\u00e8rement, les parents d'intention et leur \u2018Angels mam\u2019 vont \u00e0 travers un examen m\u00e9dical  supervis\u00e9 par notre clinique.<\/p>\n<p class=\"yiv1736839796msonormal\"><strong>FIV sans don d'ovocytes<\/strong>: des m\u00e9dicaments de fertilit\u00e9 et des injections quotidiennes sont pris pour stimuler les ovaires.<\/p>\n<p>ou<\/p>\n<p class=\"yiv1736839796msonormal\"><strong>FIV avec don d'ovocyte<\/strong>: la donneuse d\u2019ovules choisie par les parents d'intention prend les m\u00e9dicaments et les injections quotidiennes pour la stimulation ovarienne.<\/p>\n<p>Pendant ce temps, votre \u2018Angels mam\u2019 commense la pr\u00e9paration de l\u2019ut\u00e9rus pour le transfert d\u2019embryons.<\/p>                    <\/div>\n                            <\/div><!-- .accordion-content -->\n        <\/li>\n            <li>\n            <div class=\"accordion-title tf_rel\">\n                <a href=\"#acc-x1bt658-4\" class=\"tb_title_accordion\" aria-controls=\"acc-x1bt658-4-content\" aria-expanded=\"false\">\n                                                            <span class=\"accordion-title-wrap\">\u00c9tape 5 : Gestation<\/span>                <\/a>\n            <\/div><!-- .accordion-title -->\n            <div id=\"acc-x1bt658-4-content\" data-id=\"acc-x1bt658-4\" aria-hidden=\"true\" class=\"accordion-content tf_hide tf_clearfix\">\n                                    <div class=\"tb_text_wrap\">\n                        <p>14 jours apr\u00e8s le transfert d\u2019embryons, la grossesse est confirm\u00e9e par un test sanguin.<\/p>\n<p>Les parents d\u2019intention sont inform\u00e9s \u00e0 chaque \u00e9tape de la grossesse.<\/p>\n<p>Votre \u2018Angels mam\u2019 est relocalis\u00e9e dans la ville d\u2019accouchement vers la fin de la grossesse.<\/p>                    <\/div>\n                            <\/div><!-- .accordion-content -->\n        <\/li>\n            <li>\n            <div class=\"accordion-title tf_rel\">\n                <a href=\"#acc-x1bt658-5\" class=\"tb_title_accordion\" aria-controls=\"acc-x1bt658-5-content\" aria-expanded=\"false\">\n                                                            <span class=\"accordion-title-wrap\">\u00c9tape 6 : Naissance<\/span>                <\/a>\n            <\/div><!-- .accordion-title -->\n            <div id=\"acc-x1bt658-5-content\" data-id=\"acc-x1bt658-5\" aria-hidden=\"true\" class=\"accordion-content tf_hide tf_clearfix\">\n                                    <div class=\"tb_text_wrap\">\n                        <p>Tous les d\u00e9tails et pr\u00e9paratifs lies \u00e0 l\u2019accouchement sont organis\u00e9s<\/p>\n<p>Votre coordinateur est pr\u00e9sent \u00e0 l\u2019h\u00f4pital pour vous soutenir dans toute vos d\u00e9marches et t\u00e2ches administratives<\/p>\n<p>Les derni\u00e8res formalit\u00e9s administratives sont effectu\u00e9es et la pr\u00e9paration de retour avec votre b\u00e9b\u00e9 est organis\u00e9e<\/p>                    <\/div>\n                            <\/div><!-- .accordion-content -->\n        <\/li>\n        <\/ul>\n\n<\/div><!-- \/module accordion -->        <\/div>\n                        <\/div>\n        <\/div>\n        <\/div>\n<!--\/themify_builder_content--><\/div><\/div>","protected":false},"excerpt":{"rendered":"\u00a0A number of women with fertility problems require egg donation for various reasons: \u00a0 \u00a0\u00a0to carry their own pregnancy, hence IVF with egg donation is required. \u00a0to freeze the eggs or the embryos for further treatment at a later date. Consequently, cryopreservation is the final goal. \u00a0to undergo surrogacy, known as surrogacy with egg donation.<p><a href=\"https:\/\/www.angelsfriend.com\/fr\/egg-donation\/\" class=\"more-link themebutton\">Read More<\/a><\/p>","protected":false},"author":1,"featured_media":0,"parent":0,"menu_order":0,"comment_status":"closed","ping_status":"closed","template":"","meta":{"footnotes":""},"class_list":["post-843","page","type-page","status-publish","hentry"],"builder_content":"<img src=\"http:\/\/www.angelsfriend.com\/wp-content\/uploads\/2019\/04\/adult-beautiful-close-up-38554.jpg\" width=\"609\" height=\"630\" title=\"Egg donation\" alt=\"Egg donation\">\n<img src=\"http:\/\/www.angelsfriend.com\/wp-content\/uploads\/2019\/04\/beautiful-blur-blurred-background-733872.jpg\" width=\"413\" height=\"426\" title=\"Egg donation\" alt=\"Egg donation\">\n<img src=\"http:\/\/www.angelsfriend.com\/wp-content\/uploads\/2019\/04\/beautiful-brunette-cute-774909.jpg\" width=\"640\" height=\"657\" title=\"Egg donation\" alt=\"Egg donation\">\n<p>\u00a0A number of women with fertility problems require egg donation for various reasons:<\/p> <p>\u00a0<\/p> <p>\u00a0<img loading=\"lazy\" style=\"font-family: inherit;font-style: inherit;font-weight: inherit\" src=\"https:\/\/cdn3.iconfinder.com\/data\/icons\/test-tube-baby-procedure-flat\/134\/Untitled-2-09-64.png\" alt=\"ivf process, stages, ivf, external, fertilization, implementation, fetus development \" width=\"40\" height=\"40\">\u00a0to carry their own pregnancy, hence IVF with egg donation is required.<\/p> <p><img loading=\"lazy\" style=\"font-family: inherit;font-style: inherit;font-weight: inherit\" src=\"https:\/\/cdn0.iconfinder.com\/data\/icons\/fertilization-treat\/100\/freezing_embryo_color_treat_help_consultation_analysis-64.png\" alt=\"freezing, embryo, treat, help, consultation, analysis \" width=\"40\" height=\"40\">\u00a0to freeze the eggs or the embryos for further treatment at a later date. Consequently, cryopreservation is the final goal.<\/p> <p><img loading=\"lazy\" src=\"https:\/\/cdn1.iconfinder.com\/data\/icons\/pregnant-woman\/5\/Pregnancy-07-64.png\" alt=\"pregnancy, woman, maternity, pregnant, baby, belly, birth \" width=\"40\" height=\"40\">\u00a0to undergo surrogacy, known as surrogacy with egg donation.<\/p>\n<img src=\"http:\/\/www.angelsfriend.com\/wp-content\/uploads\/2019\/04\/adult-afro-beautiful-1858175.jpg\" width=\"355\" height=\"404\" title=\"Egg donation\" alt=\"Egg donation\">\n<img src=\"http:\/\/www.angelsfriend.com\/wp-content\/uploads\/2019\/04\/beautiful-beauty-blond-1587009.jpg\" width=\"355\" height=\"407\" title=\"Egg donation\" alt=\"Egg donation\">\n<img src=\"http:\/\/www.angelsfriend.com\/wp-content\/uploads\/2019\/04\/adult-beautiful-blond-hair-1130626.jpg\" width=\"621\" height=\"723\" title=\"Egg donation\" alt=\"Egg donation\">\n<h3>Egg Donors<\/h3> <p>\u00a0<\/p> <p style=\"font-family: 'Open Sans', Helvetica, Arial; font-size: 16px; font-style: normal; font-weight: 400; background-image: none; background-clip: border-box;\"><img loading=\"lazy\" decoding=\"async\" style=\"font-family: inherit; font-size: 12px; font-style: inherit; font-weight: inherit; background-color: initial;\" src=\"https:\/\/cdn4.iconfinder.com\/data\/icons\/casual-avatars-1\/24\/user_avatar_profile_girl_woman_sports_ponnytail-64.png\" alt=\"user, avatar, profile, girl, woman, sports, ponnytail \" width=\"41\" height=\"41\"> \u00a0Egg donors are meticulously medical screened according to the ministry of the health standard.<\/p> <p style=\"font-family: 'Open Sans', Helvetica, Arial; font-size: 16px; font-style: normal; font-weight: 400; background-image: none; background-clip: border-box;\"><img loading=\"lazy\" decoding=\"async\" style=\"font-family: inherit; font-size: 12px; font-style: inherit; font-weight: inherit; background-color: initial;\" src=\"https:\/\/cdn4.iconfinder.com\/data\/icons\/barbershop-hairdressing-2\/24\/scissors_shears_barbershop_hair_salon_barber_haircut-64.png\" alt=\"scissors, shears, barbershop, hair, salon, barber, haircut \" width=\"40\" height=\"40\"> Rigorous screening with just a fraction of candidates that are register in the database.\u00a0<\/p> <p style=\"font-family: 'Open Sans', Helvetica, Arial; font-size: 16px; font-style: normal; font-weight: 400; background-image: none; background-clip: border-box;\"><img loading=\"lazy\" decoding=\"async\" style=\"font-family: inherit; font-size: 12px; font-style: inherit; font-weight: inherit; background-color: initial;\" src=\"https:\/\/cdn4.iconfinder.com\/data\/icons\/back-to-school-291\/24\/mortarboard_graduation_education_school_university_college_graduate-64.png\" alt=\"mortarboard, graduation, education, school, university, college, graduate \" width=\"40\" height=\"40\"> All donors secured at least a high school diploma; with the majority being young university students.<\/p> <p style=\"font-family: 'Open Sans', Helvetica, Arial; font-size: 16px; font-style: normal; font-weight: 400; background-image: none; background-clip: border-box;\"><img loading=\"lazy\" decoding=\"async\" style=\"font-family: inherit; font-size: 12px; font-style: inherit; font-weight: inherit; background-color: initial;\" src=\"https:\/\/cdn2.iconfinder.com\/data\/icons\/romance-14\/64\/application-matching-love-dating-64.png\" alt=\"application, dating, love, matching \" width=\"40\" height=\"63\"> Donor profiles that match Intended Parents requirements as close as possible will be presented for selection.<\/p>\n<h3>Step by step journey<\/h3><ul><li><h4>Step 1: Understanding your needs<\/h4><p>Information on surrogacy treatment and procedure are provided. Such information includes the services, exit process, a surrogacy journey details, and the cost.<\/p> <p>A phone consultation is scheduled to discuss the process in depth and address all questions that may arise.<\/p><\/li><li><h4>Step 2: Approval<\/h4><p>Upon completion of eligibility form available in the contact us page, medical history and previous fertility treatments are checked to confirm that Intended Parents are eligible to surrogacy under the appropriate laws<\/p><\/li><li><h4>Step 3: Agreement <\/h4><p>Your surrogacy journey with Angels Friend\u00a0is confirmed.<\/p> <p>The profile of an Angels mother candidate is presented to Intended Parents for approval.<\/p> <p>A written agreement with Angels Friend is signed<\/p> <p>The first payment is made to start the treatment.<\/p><\/li><li><h4>Step 4: Medical Screening and Stimulation<\/h4><p>First, Intended Parents and their Angels mother undergo thorough medical screening supervised by the clinic.<\/p> <p><strong>Intended mother own eggs<\/strong>: fertility drugs and daily injections are taken to stimulate ovaries.<\/p> <p>or<\/p> <p><strong>Egg donor<\/strong>: the egg donor chosen by the Intended Parents takes the medications and daily injections to stimulate ovaries.<\/p> <p>In the meantime, your surrogate undergoes uterus preparation for embryo transfer.<\/p><\/li><li><h4>Step 5: Pregnancy<\/h4><p>Following Embryo Transfer 14 days earlier, pregnancy is confirmed by blood test.<\/p> <p>Intended Parents are informed at each stage of the pregnancy.<\/p> <p>Your Angels mother is relocated to the city of delivery toward the end of pregnancy.<\/p><\/li><li><h4>Step 6: Birth<\/h4><p>Logistic surrounding delivery is arranged<\/p> <p>Your coordinator is available at the hospital for support and administrative duties<\/p> <p>Documents required to established the new-born passport are released to the parents<\/p><\/li><\/ul>","_links":{"self":[{"href":"https:\/\/www.angelsfriend.com\/fr\/wp-json\/wp\/v2\/pages\/843","targetHints":{"allow":["GET"]}}],"collection":[{"href":"https:\/\/www.angelsfriend.com\/fr\/wp-json\/wp\/v2\/pages"}],"about":[{"href":"https:\/\/www.angelsfriend.com\/fr\/wp-json\/wp\/v2\/types\/page"}],"author":[{"embeddable":true,"href":"https:\/\/www.angelsfriend.com\/fr\/wp-json\/wp\/v2\/users\/1"}],"replies":[{"embeddable":true,"href":"https:\/\/www.angelsfriend.com\/fr\/wp-json\/wp\/v2\/comments?post=843"}],"version-history":[{"count":61,"href":"https:\/\/www.angelsfriend.com\/fr\/wp-json\/wp\/v2\/pages\/843\/revisions"}],"predecessor-version":[{"id":2023,"href":"https:\/\/www.angelsfriend.com\/fr\/wp-json\/wp\/v2\/pages\/843\/revisions\/2023"}],"wp:attachment":[{"href":"https:\/\/www.angelsfriend.com\/fr\/wp-json\/wp\/v2\/media?parent=843"}],"curies":[{"name":"wp","href":"https:\/\/api.w.org\/{rel}","templated":true}]}}