{"id":41,"date":"2017-02-26T14:16:28","date_gmt":"2017-02-26T14:16:28","guid":{"rendered":"http:\/\/sur.weenwin.co.uk\/?page_id=41"},"modified":"2023-01-27T15:36:39","modified_gmt":"2023-01-27T14:36:39","slug":"surrogate","status":"publish","type":"page","link":"https:\/\/www.angelsfriend.com\/fr\/surrogate\/","title":{"rendered":"M\u00e8re de substitution"},"content":{"rendered":"<div class=\"wp-blockade\"><!--themify_builder_content-->\n<div id=\"themify_builder_content-41\" data-postid=\"41\" class=\"themify_builder_content themify_builder_content-41 themify_builder tf_clear\">\n                    <div  data-lazy=\"1\" class=\"module_row themify_builder_row tb_54d8391 tb_first tf_w\">\n                        <div class=\"row_inner col_align_top tb_col_count_2 tf_box tf_rel\">\n                        <div  data-lazy=\"1\" class=\"module_column tb-column col4-2 tb_f9ee65f first\">\n                    <!-- module image -->\n<div  class=\"module module-image tb_ed5a1e2 image-left   tf_mw\" data-lazy=\"1\">\n        <div class=\"image-wrap tf_rel tf_mw\">\n            <img loading=\"lazy\" decoding=\"async\" src=\"http:\/\/www.angelsfriend.com\/wp-content\/uploads\/2017\/02\/pexels-photo-6-e1489579523852.jpg\" width=\"440\" height=\"345\" title=\"M\u00e8re de substitution\" alt=\"Surrogate\">    \n        <\/div>\n    <!-- \/image-wrap -->\n    \n        <\/div>\n<!-- \/module image -->        <\/div>\n                    <div  data-lazy=\"1\" class=\"module_column tb-column col4-2 tb_2c88c07 last\">\n                    <!-- module text -->\n<div  class=\"module module-text tb_43d0c90  repeat\" data-lazy=\"1\">\n    <h3 class=\"module-title\">Les m\u00e8res de substitution, appel\u00e9es \u2018Angels mam\u2019, doivent r\u00e9pondre aux crit\u00e8res suivants:<\/h3>    <div  class=\"tb_text_wrap\">\n        <ul class=\"romb\">\n<li style=\"text-align: left;\"><strong><span style=\"color: #0000ff;\">\u00a0\u00a0 \u00catre \u00e2g\u00e9e entre 20 et 35 ans<\/span><\/strong><\/li>\n<li><strong><span style=\"color: #0000ff;\">\u00a0 \u00a0M\u00e9dicalement et psychologiquement pr\u00e9par\u00e9es pour le parcours<\/span><\/strong><\/li>\n<li><strong><span style=\"color: #0000ff;\">\u00a0\u00a0 Non-fumeuses et sans prise de drogues<\/span><\/strong><\/li>\n<li><strong><span style=\"color: #0000ff;\">\u00a0\u00a0 Ayant au moins accouch\u00e9 d\u2019un enfant en bonne sant\u00e9<\/span><\/strong><\/li>\n<li><strong><span style=\"color: #0000ff;\">\u00a0\u00a0 Ayant eu aucun ant\u00e9c\u00e9dent g\u00e9n\u00e9tique dans la famille<\/span><\/strong><\/li>\n<\/ul>    <\/div>\n<\/div>\n<!-- \/module text -->        <\/div>\n                        <\/div>\n        <\/div>\n                        <div  data-lazy=\"1\" class=\"module_row themify_builder_row tb_4e616e2 tf_w\">\n                        <div class=\"row_inner col_align_top tb_col_count_1 tf_box tf_rel\">\n                        <div  data-lazy=\"1\" class=\"module_column tb-column col-full tb_b3a8d3b first\">\n                    <!-- module text -->\n<div  class=\"module module-text tb_5f22095  repeat\" data-lazy=\"1\">\n    <h3 class=\"module-title\">Exigences de s\u00e9lection<\/h3>    <div  class=\"tb_text_wrap\">\n        <p><span style=\"font-size: 12pt; background-color: initial;\">\u00a0<\/span><\/p>\n<p><span style=\"font-size: 12pt; background-color: initial;\">Les crit\u00e8res d\u2019admissibilit\u00e9 des Angels mam sont tr\u00e8s stricts et rigoureux permettant la s\u00e9lection des meilleures candidates pour nos futurs parents d\u2019intention. Les normes de s\u00e9lection portent particuli\u00e8rement sur l\u2019\u00e9tat mental, \u00e9motionnelle, physique, moralit\u00e9 et \u00e9thique de l\u2019Angels mam.<\/span><\/p>\n<p><span style=\"font-size: 12pt; background-color: initial;\">Pour \u00eatre consid\u00e9r\u00e9 pour un programme de GPA, l\u2019Angels mam doit avoir port\u00e9 une grossesse jusqu\u2019\u00e0 terme et avoir accouch\u00e9 d\u2019un enfant en bonne sant\u00e9.\nNous nous assurons \u00e9galement que votre Angels mam soit inform\u00e9e de toutes les proc\u00e9dures, d\u00e9marches, et obligations qu\u2019un parcours implique.\u00a0<\/span><\/p>\n<p><span style=\"font-size: 12pt; background-color: initial;\">L'Angels mam n\u2019est pas g\u00e9n\u00e9tiquement li\u00e9e \u00e0 l\u2019enfant donc elle est heureuse de prendre soin du futur b\u00e9b\u00e9 durant les neuf mois de grossesse.<\/span><\/p>    <\/div>\n<\/div>\n<!-- \/module text -->        <\/div>\n                        <\/div>\n        <\/div>\n                        <div  data-lazy=\"1\" class=\"module_row themify_builder_row tb_amr1817 tf_w\">\n                        <div class=\"row_inner col_align_top tb_col_count_2 tf_box tf_rel\">\n                        <div  data-lazy=\"1\" class=\"module_column tb-column col4-2 tb_oezt818 first\">\n                    <!-- module image -->\n<div  class=\"module module-image tb_ci4i281 image-top   tf_mw\" data-lazy=\"1\">\n        <div class=\"image-wrap tf_rel tf_mw\">\n            <img loading=\"lazy\" decoding=\"async\" src=\"http:\/\/www.angelsfriend.com\/wp-content\/uploads\/2017\/02\/pexels-photo-237675.jpeg\" width=\"640\" height=\"426\" title=\"M\u00e8re de substitution\" alt=\"Surrogate\">    \n        <\/div>\n    <!-- \/image-wrap -->\n    \n        <\/div>\n<!-- \/module image -->        <\/div>\n                    <div  data-lazy=\"1\" class=\"module_column tb-column col4-2 tb_8mse78 last\">\n                    <!-- module box -->\n<div  class=\"module module-box tb_353dd16\" data-lazy=\"1\">\n<h3 class=\"module-title\">M\u00e9thodes de s\u00e9lection<\/h3>    <div class=\"module-box-content ui  tb_default_color\">\n                <div class=\"tb_text_wrap\"><p><span style=\"font-size: 10pt\"><span style=\"font-size: 12pt;color: #000000\">Notre \u00e9quipe, form\u00e9e d\u2019anciennes Angels mams, veille \u00e0 ce que toute les potentielles \u2018Angels mam\u2019 subissent un examen m\u00e9dical approfondi pour s\u2019assurer qu\u2019elles sont physiquement, m\u00e9dicalement et \u00e9motionnellement aptes pour suivre un programme GPA.<br><\/span><\/span><\/p>\n<p><span style=\"font-size: 10pt\"><span style=\"font-size: 12pt;color: #000000\">\u00a0<\/span><\/span><\/p>\n<p><span style=\"font-size: 12pt;color: #000000\">Les ant\u00e9c\u00e9dents m\u00e9dicaux de grossesses ant\u00e9rieures sont v\u00e9rifi\u00e9s. Ceci permet d'\u00e9valuer les probabilit\u00e9s que l'angels mam ait une grossesse saine jusqu\u2019\u00e0 terme. Le d\u00e9pistage des maladies infectieuses et sexuellement transmissible telles que: la syphilis, la gonorrh\u00e9e, la chlamydia, le VIH et les h\u00e9patites B et C... sont \u00e9galement recherch\u00e9es.<\/span><\/p><\/div>\n    <\/div>\n<\/div>\n<!-- \/module box -->\n        <\/div>\n                        <\/div>\n        <\/div>\n                        <div  data-lazy=\"1\" class=\"module_row themify_builder_row tb_7hi5684 tf_w\">\n                        <div class=\"row_inner col_align_top tb_col_count_1 tf_box tf_rel\">\n                        <div  data-lazy=\"1\" class=\"module_column tb-column col-full tb_b7r3684 first\">\n                    <!-- module accordion -->\n<div  class=\"module module-accordion tb_ux2g684\" data-behavior=\"toggle\" data-lazy=\"1\">\n    <h3 class=\"module-title\">Le parcours \u00e9tape par \u00e9tape<\/h3>\n    <ul class=\"ui module-accordion   tb_default_color\">\n            <li>\n            <div class=\"accordion-title tf_rel\">\n                <a href=\"#acc-ux2g684-0\" class=\"tb_title_accordion\" aria-controls=\"acc-ux2g684-0-content\" aria-expanded=\"false\">\n                                                            <span class=\"accordion-title-wrap\">\u00c9tape 1 : Comprendre vos besoins<\/span>                <\/a>\n            <\/div><!-- .accordion-title -->\n            <div id=\"acc-ux2g684-0-content\" data-id=\"acc-ux2g684-0\" aria-hidden=\"true\" class=\"accordion-content tf_hide tf_clearfix\">\n                                    <div class=\"tb_text_wrap\">\n                        <p>Les informations sur le traitement et la proc\u00e9dure de la GPA vous sont fournies. Ces informations comprennent les services, la proc\u00e9dure de sortie, les d\u00e9tails d\u2019un parcours de maternit\u00e9 de substitution et les co\u00fbts li\u00e9s au parcours choisi.<\/p>\n<p>Une consultation t\u00e9l\u00e9phonique est pr\u00e9vue pour discuter en d\u00e9tail le processus et r\u00e9pondre \u00e0 toutes vos questions.<\/p>                    <\/div>\n                            <\/div><!-- .accordion-content -->\n        <\/li>\n            <li>\n            <div class=\"accordion-title tf_rel\">\n                <a href=\"#acc-ux2g684-1\" class=\"tb_title_accordion\" aria-controls=\"acc-ux2g684-1-content\" aria-expanded=\"false\">\n                                                            <span class=\"accordion-title-wrap\">\u00c9tape 2 : Approbation<\/span>                <\/a>\n            <\/div><!-- .accordion-title -->\n            <div id=\"acc-ux2g684-1-content\" data-id=\"acc-ux2g684-1\" aria-hidden=\"true\" class=\"accordion-content tf_hide tf_clearfix\">\n                                    <div class=\"tb_text_wrap\">\n                        <p>Upon completion of eligibility form available in the contact us page, medical history and previous fertility treatments are checked to confirm that Intended Parents are eligible to surrogacy under the appropriate laws<\/p>                    <\/div>\n                            <\/div><!-- .accordion-content -->\n        <\/li>\n            <li>\n            <div class=\"accordion-title tf_rel\">\n                <a href=\"#acc-ux2g684-2\" class=\"tb_title_accordion\" aria-controls=\"acc-ux2g684-2-content\" aria-expanded=\"false\">\n                                                            <span class=\"accordion-title-wrap\">\u00c9tape 3 : Accord <\/span>                <\/a>\n            <\/div><!-- .accordion-title -->\n            <div id=\"acc-ux2g684-2-content\" data-id=\"acc-ux2g684-2\" aria-hidden=\"true\" class=\"accordion-content tf_hide tf_clearfix\">\n                                    <div class=\"tb_text_wrap\">\n                        <p>Votre parcours de maternit\u00e9 de substitution avec Angels Friend est confirm\u00e9.<\/p>\n<p>Le profil d\u2019une candidate ou de plusieurs \u2018Angels mam\u2019 est pr\u00e9sent\u00e9 aux parents d'intention pour approbation.<\/p>\n<p>Un accord \u00e9crit est sign\u00e9<\/p>\n<p>Le premier paiement est effectu\u00e9 pour commencer le traitement.<\/p>                    <\/div>\n                            <\/div><!-- .accordion-content -->\n        <\/li>\n            <li>\n            <div class=\"accordion-title tf_rel\">\n                <a href=\"#acc-ux2g684-3\" class=\"tb_title_accordion\" aria-controls=\"acc-ux2g684-3-content\" aria-expanded=\"false\">\n                                                            <span class=\"accordion-title-wrap\">\u00c9tape 4: Analyses m\u00e9dicales et stimulation<\/span>                <\/a>\n            <\/div><!-- .accordion-title -->\n            <div id=\"acc-ux2g684-3-content\" data-id=\"acc-ux2g684-3\" aria-hidden=\"true\" class=\"accordion-content tf_hide tf_clearfix\">\n                                    <div class=\"tb_text_wrap\">\n                        <p>Premi\u00e8rement, les parents d'intention et leur \u2018Angels mam\u2019 vont \u00e0 travers un examen m\u00e9dical  supervis\u00e9 par notre clinique.<\/p>\n<p class=\"yiv1736839796msonormal\"><strong>FIV sans don d'ovocytes<\/strong>: des m\u00e9dicaments de fertilit\u00e9 et des injections quotidiennes sont pris pour stimuler les ovaires.<\/p>\n<p>ou<\/p>\n<p class=\"yiv1736839796msonormal\"><strong>FIV avec don d'ovocyte<\/strong>: la donneuse d\u2019ovules choisie par les parents d'intention prend les m\u00e9dicaments et les injections quotidiennes pour la stimulation ovarienne.<\/p>\n<p>Pendant ce temps, votre \u2018Angels mam\u2019 commense la pr\u00e9paration de l\u2019ut\u00e9rus pour le transfert d\u2019embryons.<\/p>                    <\/div>\n                            <\/div><!-- .accordion-content -->\n        <\/li>\n            <li>\n            <div class=\"accordion-title tf_rel\">\n                <a href=\"#acc-ux2g684-4\" class=\"tb_title_accordion\" aria-controls=\"acc-ux2g684-4-content\" aria-expanded=\"false\">\n                                                            <span class=\"accordion-title-wrap\">\u00c9tape 5 : Gestation<\/span>                <\/a>\n            <\/div><!-- .accordion-title -->\n            <div id=\"acc-ux2g684-4-content\" data-id=\"acc-ux2g684-4\" aria-hidden=\"true\" class=\"accordion-content tf_hide tf_clearfix\">\n                                    <div class=\"tb_text_wrap\">\n                        <p>14 jours apr\u00e8s le transfert d\u2019embryons, la grossesse est confirm\u00e9e par un test sanguin.<\/p>\n<p>Les parents d\u2019intention sont inform\u00e9s \u00e0 chaque \u00e9tape de la grossesse.<\/p>\n<p>Votre \u2018Angels mam\u2019 est relocalis\u00e9e dans la ville d\u2019accouchement vers la fin de la grossesse.<\/p>                    <\/div>\n                            <\/div><!-- .accordion-content -->\n        <\/li>\n            <li>\n            <div class=\"accordion-title tf_rel\">\n                <a href=\"#acc-ux2g684-5\" class=\"tb_title_accordion\" aria-controls=\"acc-ux2g684-5-content\" aria-expanded=\"false\">\n                                                            <span class=\"accordion-title-wrap\">\u00c9tape 6 : Naissance<\/span>                <\/a>\n            <\/div><!-- .accordion-title -->\n            <div id=\"acc-ux2g684-5-content\" data-id=\"acc-ux2g684-5\" aria-hidden=\"true\" class=\"accordion-content tf_hide tf_clearfix\">\n                                    <div class=\"tb_text_wrap\">\n                        <p>Tous les d\u00e9tails et pr\u00e9paratifs lies \u00e0 l\u2019accouchement sont organis\u00e9s<\/p>\n<p>Votre coordinateur est pr\u00e9sent \u00e0 l\u2019h\u00f4pital pour vous soutenir dans toute vos d\u00e9marches et t\u00e2ches administratives<\/p>\n<p>Les derni\u00e8res formalit\u00e9s administratives sont effectu\u00e9es et la pr\u00e9paration de retour avec votre b\u00e9b\u00e9 est organis\u00e9e<\/p>                    <\/div>\n                            <\/div><!-- .accordion-content -->\n        <\/li>\n        <\/ul>\n\n<\/div><!-- \/module accordion -->        <\/div>\n                        <\/div>\n        <\/div>\n        <\/div>\n<!--\/themify_builder_content--><\/div>","protected":false},"excerpt":{"rendered":"Surrogates are required to meet the criteria: \u00a0\u00a0 Between the ages of 20 and 35 \u00a0 \u00a0Medically and psychologically healthy \u00a0\u00a0 Non smoker and drugs free \u00a0\u00a0 Has delivered a healthy child \u00a0\u00a0 No family history of genetic disorders Selection requirements \u00a0 Surrogates&#8217; eligibility criteria are strict as candidates need to meet the highest standard<p><a href=\"https:\/\/www.angelsfriend.com\/fr\/surrogate\/\" class=\"more-link themebutton\">Read More<\/a><\/p>","protected":false},"author":1,"featured_media":0,"parent":0,"menu_order":0,"comment_status":"closed","ping_status":"closed","template":"","meta":{"footnotes":""},"class_list":["post-41","page","type-page","status-publish","hentry"],"builder_content":"<img src=\"http:\/\/www.angelsfriend.com\/wp-content\/uploads\/2017\/02\/pexels-photo-6-e1489579523852.jpg\" width=\"440\" height=\"345\" title=\"Surrogate\" alt=\"Surrogate\">\n<h3>Surrogates are required to meet the criteria:<\/h3> <ul> <li style=\"text-align: left;\"><strong>\u00a0\u00a0 Between the ages of 20 and 35<\/strong><\/li> <li><strong>\u00a0 \u00a0Medically and psychologically healthy<\/strong><\/li> <li><strong>\u00a0\u00a0 Non smoker and drugs free<\/strong><\/li> <li><strong>\u00a0\u00a0 Has delivered a healthy child<\/strong><\/li> <li><strong>\u00a0\u00a0 No family history of genetic disorders<\/strong><\/li> <\/ul>\n<h3>Selection requirements<\/h3> <p>\u00a0<\/p> <p>Surrogates' eligibility criteria are strict as candidates need to meet the highest standard level of eligibility. The standard is set to assure ethical choice of surrogates and only to allow highly respectable women to undergo the treatment to help other couples.<\/p> <p>We ascertain that your surrogate has both \u2013 experienced pregnancy and childbirth \u2013 and she is entering the process with a practical understanding of what it involves.\u00a0<\/p> <p>Surrogates are not genetically related to the child. So, your surrogate is happy to nurse the child for the first nine months.<\/p>\n<img src=\"http:\/\/www.angelsfriend.com\/wp-content\/uploads\/2017\/02\/pexels-photo-237675.jpeg\" width=\"640\" height=\"426\" title=\"Surrogate\" alt=\"Surrogate\">\n<h3>Vetting procedure<\/h3> <p>The team of previous surrogate mothers works to assure that all surrogate candidates (Angels candidates) undergo in depth medical screening to assure that they are physically, medically and emotionally fit for surrogacy challenges.<br><\/p> <p>\u00a0<\/p> <p>Rigorous medical screening process and evaluation of pregnancy history allows to determine the likelihood of a healthy pregnancy. Infectious diseases such as syphilis, gonorrhoea, chlamydia, HIV and hepatitis B and C... are screened for.<\/p>\n<h3>Step by step journey<\/h3><ul><li><h4>Step 1: Understanding your needs<\/h4><p>Information on surrogacy treatment and procedure are provided. Such information includes the services, exit process, a surrogacy journey details, and the cost.<\/p> <p>A phone consultation is scheduled to discuss the process in depth and address all questions that may arise.<\/p><\/li><li><h4>Step 2: Approval<\/h4><p>Upon completion of eligibility form available in the contact us page, medical history and previous fertility treatments are checked to confirm that Intended Parents are eligible to surrogacy under the appropriate laws<\/p><\/li><li><h4>Step 3: Agreement <\/h4><p>Your surrogacy journey with Angels Friend\u00a0is confirmed.<\/p> <p>The profile of an Angels mother candidate is presented to Intended Parents for approval.<\/p> <p>A written agreement with Angels Friend is signed<\/p> <p>The first payment is made to start the treatment.<\/p><\/li><li><h4>Step 4: Medical Screening and Stimulation<\/h4><p>First, Intended Parents and their Angels mother undergo thorough medical screening supervised by the clinic.<\/p> <p><strong>Intended mother own eggs<\/strong>: fertility drugs and daily injections are taken to stimulate ovaries.<\/p> <p>or<\/p> <p><strong>Egg donor<\/strong>: the egg donor chosen by the Intended Parents takes the medications and daily injections to stimulate ovaries.<\/p> <p>In the meantime, your surrogate undergoes uterus preparation for embryo transfer.<\/p><\/li><li><h4>Step 5: Pregnancy<\/h4><p>Following Embryo Transfer 14 days earlier, pregnancy is confirmed by blood test.<\/p> <p>Intended Parents are informed at each stage of the pregnancy.<\/p> <p>Your Angels mother is relocated to the city of delivery toward the end of pregnancy.<\/p><\/li><li><h4>Step 6: Birth<\/h4><p>Logistic surrounding delivery is arranged<\/p> <p>Your coordinator is available at the hospital for support and administrative duties<\/p> <p>Documents required to established the new-born passport are released to the parents<\/p><\/li><\/ul>","_links":{"self":[{"href":"https:\/\/www.angelsfriend.com\/fr\/wp-json\/wp\/v2\/pages\/41","targetHints":{"allow":["GET"]}}],"collection":[{"href":"https:\/\/www.angelsfriend.com\/fr\/wp-json\/wp\/v2\/pages"}],"about":[{"href":"https:\/\/www.angelsfriend.com\/fr\/wp-json\/wp\/v2\/types\/page"}],"author":[{"embeddable":true,"href":"https:\/\/www.angelsfriend.com\/fr\/wp-json\/wp\/v2\/users\/1"}],"replies":[{"embeddable":true,"href":"https:\/\/www.angelsfriend.com\/fr\/wp-json\/wp\/v2\/comments?post=41"}],"version-history":[{"count":21,"href":"https:\/\/www.angelsfriend.com\/fr\/wp-json\/wp\/v2\/pages\/41\/revisions"}],"predecessor-version":[{"id":2024,"href":"https:\/\/www.angelsfriend.com\/fr\/wp-json\/wp\/v2\/pages\/41\/revisions\/2024"}],"wp:attachment":[{"href":"https:\/\/www.angelsfriend.com\/fr\/wp-json\/wp\/v2\/media?parent=41"}],"curies":[{"name":"wp","href":"https:\/\/api.w.org\/{rel}","templated":true}]}}