{"id":2041,"date":"2023-02-03T12:42:53","date_gmt":"2023-02-03T11:42:53","guid":{"rendered":"http:\/\/www.angelsfriend.com\/?page_id=2041"},"modified":"2023-07-12T11:14:59","modified_gmt":"2023-07-12T09:14:59","slug":"gender-selection-2","status":"publish","type":"page","link":"https:\/\/www.angelsfriend.com\/fr\/gender-selection-2\/","title":{"rendered":"Gender selection"},"content":{"rendered":"<div class=\"wp-blockade\"><div class=\"wp-blockade\"><!--themify_builder_content-->\n<div id=\"themify_builder_content-2041\" data-postid=\"2041\" class=\"themify_builder_content themify_builder_content-2041 themify_builder tf_clear\">\n                    <div  data-lazy=\"1\" class=\"module_row themify_builder_row tb_629g394 tb_first tf_w\">\n                        <div class=\"row_inner col_align_top tb_col_count_1 tf_box tf_rel\">\n                        <div  data-lazy=\"1\" class=\"module_column tb-column col-full tb_1ivk396 first\">\n                    <!-- module text -->\n<div  class=\"module module-text tb_39lw275\" data-lazy=\"1\">\n    <h3 class=\"module-title\">GENDER SELECTION<\/h3>    <div  class=\"tb_text_wrap\">\n        <p>\u00a0<\/p>\n<p><span style=\"font-size: 12pt;\">Le diagnostic pr\u00e9-implantatoire est utilis\u00e9 dans le cycle de FIV pour les couples qui ont une maladie h\u00e9r\u00e9ditaire connue dans leur famille afin d'\u00e9viter la transmission du g\u00e8ne \u00e0 leurs enfants et aux g\u00e9n\u00e9rations futures.\u00a0<\/span><\/p>\n<p><span style=\"font-size: 12pt;\">Parfois, aucun des parents potentiels n'est au courant d'une maladie g\u00e9n\u00e9tique parce qu'il n'est peut-\u00eatre qu'un porteur.\u00a0\u00a0<\/span><\/p>\n<p><span style=\"font-size: 12pt;\">Le DPI consiste \u00e0 v\u00e9rifier les g\u00e8nes ou chromosomes de vos embryons pour une condition g\u00e9n\u00e9tique sp\u00e9cifique afin que seuls les embryons qui ne risquent pas de d\u00e9velopper la maladie connue soient identifi\u00e9s pour l'implantation.<\/span><\/p>\n<p><span style=\"font-size: 12pt;\">Cette technique permet d'identifier le sexe de chaque embryon<\/span><\/p>    <\/div>\n<\/div>\n<!-- \/module text -->        <\/div>\n                        <\/div>\n        <\/div>\n                        <div  data-lazy=\"1\" class=\"module_row themify_builder_row tb_lwxm535 tf_w\">\n                        <div class=\"row_inner col_align_top tb_col_count_2 tf_box tf_rel\">\n                        <div  data-lazy=\"1\" class=\"module_column tb-column col4-2 tb_apk3536 first\">\n                    <!-- module image -->\n<div  class=\"module module-image tb_ouio294 image-top   tf_mw\" data-lazy=\"1\">\n        <div class=\"image-wrap tf_rel tf_mw\">\n            <img loading=\"lazy\" decoding=\"async\" src=\"http:\/\/www.angelsfriend.com\/wp-content\/uploads\/2023\/02\/genetic-disease-2.jpg\" width=\"448\" height=\"296\" alt=\"Gender selection in czech\">    \n        <\/div>\n    <!-- \/image-wrap -->\n    \n        <\/div>\n<!-- \/module image -->        <\/div>\n                    <div  data-lazy=\"1\" class=\"module_column tb-column col4-2 tb_d16s806 last\">\n                    <!-- module image -->\n<div  class=\"module module-image tb_vnp9935 image-top   auto_fullwidth tf_mw\" data-lazy=\"1\">\n        <div class=\"image-wrap tf_rel tf_mw\">\n            <img loading=\"lazy\" decoding=\"async\" src=\"http:\/\/www.angelsfriend.com\/wp-content\/uploads\/2023\/02\/genetic-disease-1.jpg\" width=\"640\" height=\"421\" alt=\"Gender selection in czech\">    \n        <\/div>\n    <!-- \/image-wrap -->\n    \n        <\/div>\n<!-- \/module image -->        <\/div>\n                        <\/div>\n        <\/div>\n                        <div  data-lazy=\"1\" class=\"module_row themify_builder_row tb_945r745 tf_w\">\n                        <div class=\"row_inner col_align_top tb_col_count_1 tf_box tf_rel\">\n                        <div  data-lazy=\"1\" class=\"module_column tb-column col-full tb_5j67745 first\">\n                    <!-- module text -->\n<div  class=\"module module-text tb_bmk2941\" data-lazy=\"1\">\n    <h3 class=\"module-title\">QUI<\/h3>    <div  class=\"tb_text_wrap\">\n        <p><span style=\"font-size: 12pt;\">\u00a0<\/span><\/p>\n<p><span style=\"font-size: 12pt;\">Si vous avez un enfant atteint d'une maladie g\u00e9n\u00e9tique, ou si vous avez suivi un traitement contre le cancer ou si vous \u00eates au courant d'une maladie g\u00e9n\u00e9tique grave dans votre famille, une DPI vous sera recommand\u00e9e pour offrir les meilleures chances d'une grossesse r\u00e9ussite et d'un enfant en bonne sant\u00e9.<\/span><\/p>    <\/div>\n<\/div>\n<!-- \/module text -->        <\/div>\n                        <\/div>\n        <\/div>\n                        <div  data-lazy=\"1\" class=\"module_row themify_builder_row tb_wz0q437 tf_w\">\n                        <div class=\"row_inner col_align_top tb_col_count_3 tf_box tf_rel\">\n                        <div  data-lazy=\"1\" class=\"module_column tb-column col3-1 tb_i7xh438 first\">\n                    <!-- module image -->\n<div  class=\"module module-image tb_1oqx192 image-top   tf_mw\" data-lazy=\"1\">\n        <div class=\"image-wrap tf_rel tf_mw\">\n            <img loading=\"lazy\" decoding=\"async\" src=\"http:\/\/www.angelsfriend.com\/wp-content\/uploads\/2023\/02\/Gender-selection-lab.jpg\" width=\"500\" height=\"350\" alt=\"Gender selection in czech\">    \n        <\/div>\n    <!-- \/image-wrap -->\n    \n        <\/div>\n<!-- \/module image -->        <\/div>\n                    <div  data-lazy=\"1\" class=\"module_column tb-column col3-1 tb_3lsv730\">\n                    <!-- module image -->\n<div  class=\"module module-image tb_zuz7649 image-top   tf_mw\" data-lazy=\"1\">\n        <div class=\"image-wrap tf_rel tf_mw\">\n            <img loading=\"lazy\" decoding=\"async\" src=\"http:\/\/www.angelsfriend.com\/wp-content\/uploads\/2023\/02\/PGD-gender-selection.jpg\" width=\"500\" height=\"350\" alt=\"Gender selection in czech\">    \n        <\/div>\n    <!-- \/image-wrap -->\n    \n        <\/div>\n<!-- \/module image -->        <\/div>\n                    <div  data-lazy=\"1\" class=\"module_column tb-column col3-1 tb_uvvd730 last\">\n                    <!-- module image -->\n<div  class=\"module module-image tb_xjo7529 image-top   tf_mw\" data-lazy=\"1\">\n        <div class=\"image-wrap tf_rel tf_mw\">\n            <img loading=\"lazy\" decoding=\"async\" src=\"http:\/\/www.angelsfriend.com\/wp-content\/uploads\/2023\/02\/Gender-selection.jpg\" width=\"500\" height=\"350\" alt=\"Gender selection in czech\">    \n        <\/div>\n    <!-- \/image-wrap -->\n    \n        <\/div>\n<!-- \/module image -->        <\/div>\n                        <\/div>\n        <\/div>\n                        <div  data-lazy=\"1\" class=\"module_row themify_builder_row tb_uj32498 tf_w\">\n                        <div class=\"row_inner col_align_top tb_col_count_1 tf_box tf_rel\">\n                        <div  data-lazy=\"1\" class=\"module_column tb-column col-full tb_09cy498 first\">\n                    <!-- module text -->\n<div  class=\"module module-text tb_apyu498\" data-lazy=\"1\">\n    <h3 class=\"module-title\">COMMENT<\/h3>    <div  class=\"tb_text_wrap\">\n        <p><span style=\"font-size: 12pt;\">\u00a0<\/span><\/p>\n<p><span style=\"font-size: 12pt;\">Premi\u00e8rement, un traitement de FIV est effectu\u00e9 pour cr\u00e9er les embryons. Ensuite, la biopsie est pratiqu\u00e9e sur chaque embryon et les \u00e9chantillons sont envoy\u00e9s au laboratoire d'analyse g\u00e9n\u00e9tique. Les embryons sont congel\u00e9s en attendant le r\u00e9sultat<\/span><\/p>\n<p><span style=\"font-size: 12pt;\">Les embryons sains et malades sont s\u00e9par\u00e9s. Les embryons sains peuvent \u00eatre transf\u00e9r\u00e9s et le reste est congel\u00e9 pour une utilisation ult\u00e9rieure dans le cycle de transfert d'embryons congel\u00e9s.<\/span><\/p>    <\/div>\n<\/div>\n<!-- \/module text -->        <\/div>\n                        <\/div>\n        <\/div>\n                        <div  data-lazy=\"1\" class=\"module_row themify_builder_row tb_iz0l589 tf_w\">\n                        <div class=\"row_inner col_align_top tb_col_count_3 tf_box tf_rel\">\n                        <div  data-lazy=\"1\" class=\"module_column tb-column col3-1 tb_r64f590 first\">\n                    <!-- module image -->\n<div  class=\"module module-image tb_a1kg590 image-top   tf_mw\" data-lazy=\"1\">\n        <div class=\"image-wrap tf_rel tf_mw\">\n            <img loading=\"lazy\" decoding=\"async\" src=\"http:\/\/www.angelsfriend.com\/wp-content\/uploads\/2023\/01\/inspired-pensive-businessman.jpg\" width=\"1000\" height=\"667\" alt=\"Gender selection in czech\">    \n        <\/div>\n    <!-- \/image-wrap -->\n    \n        <\/div>\n<!-- \/module image -->        <\/div>\n                    <div  data-lazy=\"1\" class=\"module_column tb-column col3-1 tb_14gf590\">\n                    <!-- module image -->\n<div  class=\"module module-image tb_2igk590 image-top   tf_mw\" data-lazy=\"1\">\n        <div class=\"image-wrap tf_rel tf_mw\">\n            <img loading=\"lazy\" decoding=\"async\" src=\"http:\/\/www.angelsfriend.com\/wp-content\/uploads\/2022\/09\/Angels-Friend-cancer-DNA.jpg\" width=\"355\" height=\"238\" alt=\"Gender selection in czech\">    \n        <\/div>\n    <!-- \/image-wrap -->\n    \n        <\/div>\n<!-- \/module image -->        <\/div>\n                    <div  data-lazy=\"1\" class=\"module_column tb-column col3-1 tb_eq59590 last\">\n                    <!-- module image -->\n<div  class=\"module module-image tb_b1x4591 image-top   tf_mw\" data-lazy=\"1\">\n        <div class=\"image-wrap tf_rel tf_mw\">\n            <img loading=\"lazy\" decoding=\"async\" src=\"http:\/\/www.angelsfriend.com\/wp-content\/uploads\/2023\/02\/PGD-gender-selection.jpg\" width=\"1000\" height=\"667\" alt=\"Gender selection in czech\">    \n        <\/div>\n    <!-- \/image-wrap -->\n    \n        <\/div>\n<!-- \/module image -->        <\/div>\n                        <\/div>\n        <\/div>\n                        <div  data-lazy=\"1\" class=\"module_row themify_builder_row tb_bzt8864 tf_w\">\n                        <div class=\"row_inner col_align_top tb_col_count_1 tf_box tf_rel\">\n                        <div  data-lazy=\"1\" class=\"module_column tb-column col-full tb_l0ij864 first\">\n                    <!-- module text -->\n<div  class=\"module module-text tb_s5cu864\" data-lazy=\"1\">\n    <h3 class=\"module-title\">RISQUES ET EFFETS TARDIVES<\/h3>    <div  class=\"tb_text_wrap\">\n        <p>\u00a0<\/p>\n<p style=\"margin: 0cm; line-height: 13.5pt; background: white;\"><span style=\"font-family: museo_sans300, serif; color: #545556; font-size: 14pt;\">Tous les embryons ne survivent pas jusqu&#8217;au stade de la biopsie<\/span><\/p>\n<p style=\"margin: 0cm; line-height: 13.5pt; background: white;\"><span style=\"font-family: museo_sans300, serif; color: #545556; font-size: 14pt;\">\u00a0<\/span><\/p>\n<p style=\"margin: 0cm; line-height: 13.5pt; background: white;\"><span style=\"font-family: museo_sans300, serif; color: #545556; font-size: 14pt;\">Tous les embryons biopsi\u00e9s peuvent ne pas donner de diagnostic g\u00e9n\u00e9tique<\/span><\/p>\n<p style=\"margin: 0cm; line-height: 13.5pt; background: white;\"><span style=\"font-family: museo_sans300, serif; color: #545556; font-size: 14pt;\">\u00a0<\/span><\/p>\n<p style=\"margin: 0cm; line-height: 13.5pt; background: white;\"><span style=\"font-family: museo_sans300, serif; color: #545556; font-size: 14pt;\">90% des embryons donnent un r\u00e9sultat<\/span><\/p>\n<p style=\"margin: 0cm; line-height: 13.5pt; background: white;\"><span style=\"font-family: museo_sans300, serif; color: #545556; font-size: 14pt;\">\u00a0<\/span><\/p>\n<p style=\"margin: 0cm; line-height: 13.5pt; background: white;\"><span style=\"font-family: museo_sans300, serif; color: #545556; font-size: 14pt;\">Un risque courant est que le couple n'ait pas d'embryons transf\u00e9rable <\/span><\/p>\n<p style=\"margin: 0cm; line-height: 13.5pt; background: white;\"><span style=\"font-family: museo_sans300, serif; color: #545556; font-size: 14pt;\">\u00a0<\/span><\/p>\n<p style=\"margin: 0cm; line-height: 13.5pt; background: white;\"><span style=\"font-family: museo_sans300, serif; color: #545556; font-size: 14pt;\">Il existe un tr\u00e8s faible risque d'erreur de diagnostic d'un embryon <\/span><\/p>\n<p style=\"margin: 0cm; line-height: 13.5pt; background: white;\"><span style=\"font-family: museo_sans300, serif; color: #545556; font-size: 14pt;\">\u00a0<\/span><\/p>\n<p style=\"margin: 0cm; line-height: 13.5pt; background: white;\"><span style=\"font-family: museo_sans300, serif; color: #545556; font-size: 14pt;\">Les autres risques sont similaires \u00e0 un cycle de FIV traditionnel tels que : les naissances multiples, les grossesses extra-ut\u00e9rines et les fausses couches<\/span><\/p>    <\/div>\n<\/div>\n<!-- \/module text -->        <\/div>\n                        <\/div>\n        <\/div>\n        <\/div>\n<!--\/themify_builder_content--><\/div><\/div>","protected":false},"excerpt":{"rendered":"GENDER SELECTION Preimplantation Genetic Diagnosis is used in IVF cycle for couples who have a known inherited disease in their family to avoid passing on the gene to their child and future generations.\u00a0Sometimes, neither prospective parent may be aware of a condition because they may only be a carrier.\u00a0\u00a0PGD involves checking the genes or chromosomes<p><a href=\"https:\/\/www.angelsfriend.com\/fr\/gender-selection-2\/\" class=\"more-link themebutton\">Read More<\/a><\/p>","protected":false},"author":1,"featured_media":0,"parent":0,"menu_order":0,"comment_status":"closed","ping_status":"closed","template":"","meta":{"footnotes":""},"class_list":["post-2041","page","type-page","status-publish","hentry"],"builder_content":"<h3>GENDER SELECTION<\/h3> <p>\u00a0<\/p> <p>Preimplantation Genetic Diagnosis is used in IVF cycle for couples who have a known inherited disease in their family to avoid passing on the gene to their child and future generations.\u00a0<\/p> <p>Sometimes, neither prospective parent may be aware of a condition because they may only be a carrier.\u00a0\u00a0<\/p> <p>PGD involves checking the genes or chromosomes of your embryos for a specific genetic condition ensuring that only embryos that are not at risk of developing the known disorder are identified for implantation.<\/p> <p>This technique allows to identify the gender of each embryo<\/p>\n<img src=\"http:\/\/www.angelsfriend.com\/wp-content\/uploads\/2023\/02\/genetic-disease-2.jpg\" width=\"448\" height=\"296\" alt=\"Gender selection in czech\">\n<img src=\"http:\/\/www.angelsfriend.com\/wp-content\/uploads\/2023\/02\/genetic-disease-1.jpg\" width=\"640\" height=\"421\" alt=\"Gender selection in czech\">\n<h3>WHO<\/h3> <p>\u00a0<\/p> <p>If you have a child with a genetic condition, or have gone through cancer treatment or you are aware of serious genetic condition in your family, you will be recommended PGD to provide the best chance of a successful pregnancy to a healthy child.<\/p>\n<img src=\"http:\/\/www.angelsfriend.com\/wp-content\/uploads\/2023\/02\/Gender-selection-lab.jpg\" width=\"500\" height=\"350\" alt=\"Gender selection in czech\">\n<img src=\"http:\/\/www.angelsfriend.com\/wp-content\/uploads\/2023\/02\/PGD-gender-selection.jpg\" width=\"500\" height=\"350\" alt=\"Gender selection in czech\">\n<img src=\"http:\/\/www.angelsfriend.com\/wp-content\/uploads\/2023\/02\/Gender-selection.jpg\" width=\"500\" height=\"350\" alt=\"Gender selection in czech\">\n<h3>HOW<\/h3> <p>\u00a0<\/p> <p>First, IVF treatment is done to create the embryos. Then, the biopsy is taken on the embryos and send to the a genetic laboratory. The embryos are frozen, waiting for the result.<\/p> <p>The healthy and unhealthy embryos are separated. Healthy embryos can be transferred and the remaining are frozen for later use in frozen embryo transfer cycle.<\/p>\n<img src=\"http:\/\/www.angelsfriend.com\/wp-content\/uploads\/2023\/01\/inspired-pensive-businessman.jpg\" width=\"1000\" height=\"667\" alt=\"Gender selection in czech\">\n<img src=\"http:\/\/www.angelsfriend.com\/wp-content\/uploads\/2022\/09\/Angels-Friend-cancer-DNA.jpg\" width=\"355\" height=\"238\" alt=\"Gender selection in czech\">\n<img src=\"http:\/\/www.angelsfriend.com\/wp-content\/uploads\/2023\/02\/PGD-gender-selection.jpg\" width=\"1000\" height=\"667\" alt=\"Gender selection in czech\">\n<h3>RISKS AND SIDE-EFFECTS<\/h3> <p>\u00a0<\/p> <p style=\"margin: 0cm; line-height: 13.5pt; background: white;\">Tous les embryons ne survivent pas jusqu'au stade de la biopsie<\/p> <p style=\"margin: 0cm; line-height: 13.5pt; background: white;\">\u00a0<\/p> <p style=\"margin: 0cm; line-height: 13.5pt; background: white;\">All the embryos that are biopsied may not give a genetic diagnosis<\/p> <p style=\"margin: 0cm; line-height: 13.5pt; background: white;\">\u00a0<\/p> <p style=\"margin: 0cm; line-height: 13.5pt; background: white;\">90% of embryos give a result<\/p> <p style=\"margin: 0cm; line-height: 13.5pt; background: white;\">\u00a0<\/p> <p style=\"margin: 0cm; line-height: 13.5pt; background: white;\">A very common risk is that the couple may only have genetically unhealthy embryos <\/p> <p style=\"margin: 0cm; line-height: 13.5pt; background: white;\">\u00a0<\/p> <p style=\"margin: 0cm; line-height: 13.5pt; background: white;\">A very small risk of misdiagnosis of an embryo exists <\/p> <p style=\"margin: 0cm; line-height: 13.5pt; background: white;\">\u00a0<\/p> <p style=\"margin: 0cm; line-height: 13.5pt; background: white;\">Other risks are similar to a traditional IVF cycle such as: multiple births, ectopic pregnancies and miscarriage.<\/p>","_links":{"self":[{"href":"https:\/\/www.angelsfriend.com\/fr\/wp-json\/wp\/v2\/pages\/2041","targetHints":{"allow":["GET"]}}],"collection":[{"href":"https:\/\/www.angelsfriend.com\/fr\/wp-json\/wp\/v2\/pages"}],"about":[{"href":"https:\/\/www.angelsfriend.com\/fr\/wp-json\/wp\/v2\/types\/page"}],"author":[{"embeddable":true,"href":"https:\/\/www.angelsfriend.com\/fr\/wp-json\/wp\/v2\/users\/1"}],"replies":[{"embeddable":true,"href":"https:\/\/www.angelsfriend.com\/fr\/wp-json\/wp\/v2\/comments?post=2041"}],"version-history":[{"count":18,"href":"https:\/\/www.angelsfriend.com\/fr\/wp-json\/wp\/v2\/pages\/2041\/revisions"}],"predecessor-version":[{"id":2410,"href":"https:\/\/www.angelsfriend.com\/fr\/wp-json\/wp\/v2\/pages\/2041\/revisions\/2410"}],"wp:attachment":[{"href":"https:\/\/www.angelsfriend.com\/fr\/wp-json\/wp\/v2\/media?parent=2041"}],"curies":[{"name":"wp","href":"https:\/\/api.w.org\/{rel}","templated":true}]}}