{"id":1609,"date":"2022-10-16T14:20:58","date_gmt":"2022-10-16T12:20:58","guid":{"rendered":"https:\/\/www.angelsfriend.com\/?page_id=1609"},"modified":"2023-07-17T02:44:38","modified_gmt":"2023-07-17T00:44:38","slug":"cosmetic-surgery","status":"publish","type":"page","link":"https:\/\/www.angelsfriend.com\/fr\/cosmetic-surgery\/","title":{"rendered":"Cosmetic surgery"},"content":{"rendered":"<div class=\"wp-blockade\"><div class=\"wp-blockade\"><!--themify_builder_content-->\n<div id=\"themify_builder_content-1609\" data-postid=\"1609\" class=\"themify_builder_content themify_builder_content-1609 themify_builder tf_clear\">\n                    <div  data-lazy=\"1\" class=\"module_row themify_builder_row tb_3si6586 tb_first tf_w\">\n                        <div class=\"row_inner col_align_top tb_col_count_1 tf_box tf_rel\">\n                        <div  data-lazy=\"1\" class=\"module_column tb-column col-full tb_96kz587 first\">\n                    <!-- module text -->\n<div  class=\"module module-text tb_33t0463\" data-lazy=\"1\">\n        <div  class=\"tb_text_wrap\">\n        <p style=\"text-align: center;\"><span style=\"font-size: 36pt;\">Se sentir irr\u00e9sistible est incroyable<\/span><\/p>    <\/div>\n<\/div>\n<!-- \/module text -->        <\/div>\n                        <\/div>\n        <\/div>\n                        <div  data-lazy=\"1\" class=\"module_row themify_builder_row tb_hfsk296 tf_w\">\n                        <div class=\"row_inner col_align_top tb_col_count_1 tf_box tf_rel\">\n                        <div  data-lazy=\"1\" class=\"module_column tb-column col-full tb_wqc4297 first\">\n                    <!-- module text -->\n<div  class=\"module module-text tb_8mu4300\" data-lazy=\"1\">\n        <div  class=\"tb_text_wrap\">\n        <p style=\"text-align: center;\"><span style=\"font-size: 24pt;\"><strong>Juste vous<\/strong><\/span><\/p>\n<p style=\"text-align: center;\"><span style=\"font-size: 12pt;\">\u00a0<\/span><\/p>\n<p style=\"text-align: center;\"><span style=\"font-size: 12pt;\">La chirurgie esth\u00e9tique et plastique concerne votre apparence \u2013 votre bien-\u00eatre.<\/span><\/p>\n<p style=\"text-align: center;\"><span style=\"font-size: 12pt;\"><strong>La chirurgie esth\u00e9tique d\u00e9finie juste qui vous \u00eates!<\/strong><\/span><\/p>    <\/div>\n<\/div>\n<!-- \/module text -->        <\/div>\n                        <\/div>\n        <\/div>\n                        <div  data-lazy=\"1\" class=\"module_row themify_builder_row tb_czup283 tf_w\">\n                        <div class=\"row_inner col_align_top tb_col_count_3 tf_box tf_rel\">\n                        <div  data-lazy=\"1\" class=\"module_column tb-column col3-1 tb_wmrf284 first\">\n                    <!-- module image -->\n<div  class=\"module module-image tb_evwb6 image-top   tf_mw\" data-lazy=\"1\">\n        <div class=\"image-wrap tf_rel tf_mw\">\n            <img loading=\"lazy\" decoding=\"async\" src=\"http:\/\/www.angelsfriend.com\/wp-content\/uploads\/2022\/10\/pexels-quang-anh-ha-nguyen-902030-scaled.jpg\" width=\"1707\" height=\"2560\" title=\"Cosmetic surgery\" alt=\"Cosmetic surgery\">    \n        <\/div>\n    <!-- \/image-wrap -->\n    \n        <\/div>\n<!-- \/module image -->        <\/div>\n                    <div  data-lazy=\"1\" class=\"module_column tb-column col3-1 tb_gapz284\">\n                    <!-- module image -->\n<div  class=\"module module-image tb_cwox215 image-top   tf_mw\" data-lazy=\"1\">\n        <div class=\"image-wrap tf_rel tf_mw\">\n            <img loading=\"lazy\" decoding=\"async\" src=\"http:\/\/www.angelsfriend.com\/wp-content\/uploads\/2022\/10\/pexels-jorge-fakhouri-filho-2701660-scaled.jpg\" width=\"1707\" height=\"2560\" title=\"Cosmetic surgery\" alt=\"Cosmetic surgery\">    \n        <\/div>\n    <!-- \/image-wrap -->\n    \n        <\/div>\n<!-- \/module image -->        <\/div>\n                    <div  data-lazy=\"1\" class=\"module_column tb-column col3-1 tb_qjdz285 last\">\n                    <!-- module image -->\n<div  class=\"module module-image tb_n645175 image-top   tf_mw\" data-lazy=\"1\">\n        <div class=\"image-wrap tf_rel tf_mw\">\n            <img loading=\"lazy\" decoding=\"async\" src=\"http:\/\/www.angelsfriend.com\/wp-content\/uploads\/2022\/10\/pexels-marx-ilagan-607891-scaled.jpg\" width=\"1702\" height=\"2560\" title=\"Cosmetic surgery\" alt=\"Cosmetic surgery\">    \n        <\/div>\n    <!-- \/image-wrap -->\n    \n        <\/div>\n<!-- \/module image -->        <\/div>\n                        <\/div>\n        <\/div>\n                        <div  data-lazy=\"1\" class=\"module_row themify_builder_row tb_gi12340 tf_w\">\n                        <div class=\"row_inner col_align_top tb_col_count_4 tf_box tf_rel\">\n                        <div  data-lazy=\"1\" class=\"module_column tb-column col4-1 tb_1uvg341 first\">\n                    <!-- module text -->\n<div  class=\"module module-text tb_om1z257\" data-lazy=\"1\">\n        <div  class=\"tb_text_wrap\">\n        <p style=\"text-align: center;\"><span style=\"font-size: 18pt;\">Seins\u00a0<\/span><\/p>    <\/div>\n<\/div>\n<!-- \/module text -->        <\/div>\n                    <div  data-lazy=\"1\" class=\"module_column tb-column col4-1 tb_7lds407\">\n                    <!-- module text -->\n<div  class=\"module module-text tb_51l0258\" data-lazy=\"1\">\n        <div  class=\"tb_text_wrap\">\n        <p style=\"text-align: center;\"><span style=\"font-size: 18pt;\">Visage\u00a0<\/span><\/p>    <\/div>\n<\/div>\n<!-- \/module text -->        <\/div>\n                    <div  data-lazy=\"1\" class=\"module_column tb-column col4-1 tb_qexg408\">\n                    <!-- module text -->\n<div  class=\"module module-text tb_jpk9383\" data-lazy=\"1\">\n        <div  class=\"tb_text_wrap\">\n        <p style=\"text-align: center;\"><span style=\"font-size: 18pt;\">Corps\u00a0<\/span><\/p>    <\/div>\n<\/div>\n<!-- \/module text -->        <\/div>\n                    <div  data-lazy=\"1\" class=\"module_column tb-column col4-1 tb_0ejn352 last\">\n                    <!-- module text -->\n<div  class=\"module module-text tb_pqv8938\" data-lazy=\"1\">\n        <div  class=\"tb_text_wrap\">\n        <p style=\"text-align: center;\"><span style=\"font-size: 18pt;\">Masculine\u00a0<\/span><\/p>    <\/div>\n<\/div>\n<!-- \/module text -->        <\/div>\n                        <\/div>\n        <\/div>\n                        <div  data-lazy=\"1\" class=\"module_row themify_builder_row tb_xhfn645 tf_w\">\n                        <div class=\"row_inner col_align_top tb_col_count_1 tf_box tf_rel\">\n                        <div  data-lazy=\"1\" class=\"module_column tb-column col-full tb_340z646 first\">\n                    <!-- module text -->\n<div  class=\"module module-text tb_l1gn206\" data-lazy=\"1\">\n        <div  class=\"tb_text_wrap\">\n        <p><span style=\"font-size: 14pt;\">Votre opinion sur votre \u00ablook\u00bb prime \u2013 se sentir attirante renforce la confiance en soi et vous apporte une joie de vivre qui se propage autour de vous \u2013 femmes comme hommes.<\/span><\/p>    <\/div>\n<\/div>\n<!-- \/module text -->        <\/div>\n                        <\/div>\n        <\/div>\n                        <div  data-lazy=\"1\" class=\"module_row themify_builder_row tb_glof100 tf_w\">\n                        <div class=\"row_inner col_align_bottom gutter-none col_auto_height tb_col_count_2 tf_box tf_rel\">\n                        <div  data-lazy=\"1\" class=\"module_column tb-column col4-2 tb_655y103 first\">\n                    <!-- module text -->\n<div  class=\"module module-text tb_ph13104  repeat\" data-lazy=\"1\" data-parallax-element-speed=\"1\" data-lax-translate-y=\"vh 1,0 -70\" data-lax=\"true\">\n        <div  class=\"tb_text_wrap\">\n        <h3 style=\"text-align: center;\"><strong>DUR\u00c9E G\u00c9N\u00c9RALE DE LA PROC\u00c9DURE<\/strong><\/h3>\n<p>Guide ultime pour un look parfait en un clic<\/p>    <\/div>\n<\/div>\n<!-- \/module text -->        <\/div>\n                    <div  data-lazy=\"1\" class=\"module_column tb-column col4-2 tb_cird106 last\">\n                    <!-- module image -->\n<div  class=\"module module-image tb_9uuq106 image-top   auto_fullwidth tf_mw\" data-lazy=\"1\" data-parallax-element-speed=\"2\" data-lax-translate-y=\"vh 1,0 -140\" data-lax=\"true\">\n        <div class=\"image-wrap tf_rel tf_mw\">\n            <img loading=\"lazy\" decoding=\"async\" src=\"http:\/\/www.angelsfriend.com\/wp-content\/uploads\/2022\/10\/female-doctor-choosing-mammary-prosthesis-with-her-patient-over-white-background-scaled.jpg\" width=\"500\" height=\"1707\" title=\"Cosmetic surgery\" alt=\"Cosmetic surgery\">    \n        <\/div>\n    <!-- \/image-wrap -->\n    \n        <\/div>\n<!-- \/module image -->        <\/div>\n                        <\/div>\n        <\/div>\n                        <div  data-lazy=\"1\" class=\"module_row themify_builder_row tb_vzpn26 tf_w\">\n                        <div class=\"row_inner col_align_top tb_col_count_4 tf_box tf_rel\">\n                        <div  data-lazy=\"1\" class=\"module_column tb-column col4-1 tb_5opv26 first\">\n                    <!-- module text -->\n<div  class=\"module module-text tb_zvvg658\" data-lazy=\"1\">\n        <div  class=\"tb_text_wrap\">\n        <p style=\"text-align: center;\"><span style=\"font-size: 14pt; color: #ff0000;\"><strong>Dur\u00e9e de chirurgie<\/strong><\/span><\/p>\n<p style=\"text-align: center;\"><span style=\"font-size: 14pt; color: #000000;\">1 \u2013 4 heures<\/span><\/p>    <\/div>\n<\/div>\n<!-- \/module text -->        <\/div>\n                    <div  data-lazy=\"1\" class=\"module_column tb-column col4-1 tb_fsd427\">\n                    <!-- module text -->\n<div  class=\"module module-text tb_7h7v685\" data-lazy=\"1\">\n        <div  class=\"tb_text_wrap\">\n        <p style=\"text-align: center;\"><span style=\"font-size: 14pt;\"><strong>Dur\u00e9e d\u2019hospitalisation<\/strong><\/span><\/p>\n<p style=\"text-align: center;\"><span style=\"font-size: 14pt; color: #000000;\">1 \u2013 3 jours<\/span><\/p>    <\/div>\n<\/div>\n<!-- \/module text -->        <\/div>\n                    <div  data-lazy=\"1\" class=\"module_column tb-column col4-1 tb_mzyz27\">\n                    <!-- module text -->\n<div  class=\"module module-text tb_x4bn325\" data-lazy=\"1\">\n        <div  class=\"tb_text_wrap\">\n        <p style=\"text-align: center;\"><span style=\"font-size: 14pt;\"><strong>Dur\u00e9e de r\u00e9cup\u00e9ration<\/strong><\/span><\/p>\n<p style=\"text-align: center;\"><span style=\"color: #000000; font-size: 14pt;\">2 \u2013 12 semaines<\/span><\/p>    <\/div>\n<\/div>\n<!-- \/module text -->        <\/div>\n                    <div  data-lazy=\"1\" class=\"module_column tb-column col4-1 tb_elkz27 last\">\n                    <!-- module text -->\n<div  class=\"module module-text tb_wic7893\" data-lazy=\"1\">\n        <div  class=\"tb_text_wrap\">\n        <p style=\"text-align: center;\"><strong><span style=\"font-size: 14pt;\">Retour au travail<\/span><\/strong><\/p>\n<p style=\"text-align: center;\"><span style=\"color: #000000; font-size: 14pt;\">1 \u2013 2 semaines<\/span><\/p>    <\/div>\n<\/div>\n<!-- \/module text -->        <\/div>\n                        <\/div>\n        <\/div>\n        <\/div>\n<!--\/themify_builder_content--><\/div><\/div>","protected":false},"excerpt":{"rendered":"Feeling irresistible is amazing Just about you \u00a0 Cosmetic and plastic surgery is about your look &#8211; about your feeling. Yes, cosmetic surgery is just about who you are! Breast\u00a0 Facial\u00a0 Body\u00a0 Male\u00a0 What you think about yourself and about your look is what matter first &#8211; feeling attractive, boosting your self-confidence and spraying positive<p><a href=\"https:\/\/www.angelsfriend.com\/fr\/cosmetic-surgery\/\" class=\"more-link themebutton\">Read More<\/a><\/p>","protected":false},"author":1,"featured_media":0,"parent":0,"menu_order":0,"comment_status":"closed","ping_status":"closed","template":"","meta":{"footnotes":""},"class_list":["post-1609","page","type-page","status-publish","hentry"],"builder_content":"<p style=\"text-align: center;\">Feeling irresistible is amazing<\/p>\n<p style=\"text-align: center;\"><strong>Just about you<\/strong><\/p> <p style=\"text-align: center;\">\u00a0<\/p> <p style=\"text-align: center;\">Cosmetic and plastic surgery is about your look - about your feeling.<\/p> <p style=\"text-align: center;\"><strong>Yes, cosmetic surgery is just about who you are!<\/strong><\/p>\n<img src=\"http:\/\/www.angelsfriend.com\/wp-content\/uploads\/2022\/10\/pexels-quang-anh-ha-nguyen-902030-scaled.jpg\" width=\"1707\" height=\"2560\" title=\"Cosmetic surgery\" alt=\"Cosmetic surgery\">\n<img src=\"http:\/\/www.angelsfriend.com\/wp-content\/uploads\/2022\/10\/pexels-jorge-fakhouri-filho-2701660-scaled.jpg\" width=\"1707\" height=\"2560\" title=\"Cosmetic surgery\" alt=\"Cosmetic surgery\">\n<img src=\"http:\/\/www.angelsfriend.com\/wp-content\/uploads\/2022\/10\/pexels-marx-ilagan-607891-scaled.jpg\" width=\"1702\" height=\"2560\" title=\"Cosmetic surgery\" alt=\"Cosmetic surgery\">\n<p style=\"text-align: center;\">Breast\u00a0<\/p>\n<p style=\"text-align: center;\">Facial\u00a0<\/p>\n<p style=\"text-align: center;\">Body\u00a0<\/p>\n<p style=\"text-align: center;\">Male\u00a0<\/p>\n<p>What you think about yourself and about your look is what matter first - feeling attractive, boosting your self-confidence and spraying positive waves around you - males or females.<\/p>\n<h3 style=\"text-align: center;\"><strong>GENERAL PROCEDURE TIME<\/strong><\/h3> <p>Ultimate guide to a perfect look in just a click of a button<\/p>\n<img src=\"http:\/\/www.angelsfriend.com\/wp-content\/uploads\/2022\/10\/female-doctor-choosing-mammary-prosthesis-with-her-patient-over-white-background-scaled.jpg\" width=\"500\" height=\"1707\" title=\"Cosmetic surgery\" alt=\"Cosmetic surgery\">\n<p style=\"text-align: center;\"><strong>Surgery time<\/strong><\/p> <p style=\"text-align: center;\">1 - 4 hours<\/p>\n<p style=\"text-align: center;\"><strong>Hospital time<\/strong><\/p> <p style=\"text-align: center;\">1 - 3 days<\/p>\n<p style=\"text-align: center;\"><strong>Recovery time<\/strong><\/p> <p style=\"text-align: center;\">2 - 12 weeks<\/p>\n<p style=\"text-align: center;\"><strong>Back to work<\/strong><\/p> <p style=\"text-align: center;\">1 - 2 weeks<\/p>","_links":{"self":[{"href":"https:\/\/www.angelsfriend.com\/fr\/wp-json\/wp\/v2\/pages\/1609","targetHints":{"allow":["GET"]}}],"collection":[{"href":"https:\/\/www.angelsfriend.com\/fr\/wp-json\/wp\/v2\/pages"}],"about":[{"href":"https:\/\/www.angelsfriend.com\/fr\/wp-json\/wp\/v2\/types\/page"}],"author":[{"embeddable":true,"href":"https:\/\/www.angelsfriend.com\/fr\/wp-json\/wp\/v2\/users\/1"}],"replies":[{"embeddable":true,"href":"https:\/\/www.angelsfriend.com\/fr\/wp-json\/wp\/v2\/comments?post=1609"}],"version-history":[{"count":20,"href":"https:\/\/www.angelsfriend.com\/fr\/wp-json\/wp\/v2\/pages\/1609\/revisions"}],"predecessor-version":[{"id":2488,"href":"https:\/\/www.angelsfriend.com\/fr\/wp-json\/wp\/v2\/pages\/1609\/revisions\/2488"}],"wp:attachment":[{"href":"https:\/\/www.angelsfriend.com\/fr\/wp-json\/wp\/v2\/media?parent=1609"}],"curies":[{"name":"wp","href":"https:\/\/api.w.org\/{rel}","templated":true}]}}