{"id":1517,"date":"2022-09-22T19:38:14","date_gmt":"2022-09-22T17:38:14","guid":{"rendered":"https:\/\/www.angelsfriend.com\/?page_id=1517"},"modified":"2023-07-17T02:44:57","modified_gmt":"2023-07-17T00:44:57","slug":"endometriosis-surgery","status":"publish","type":"page","link":"https:\/\/www.angelsfriend.com\/fr\/endometriosis-surgery\/","title":{"rendered":"Chirurgie de l\u2019endom\u00e9triose"},"content":{"rendered":"<div class=\"wp-blockade\"><!--themify_builder_content-->\n<div id=\"themify_builder_content-1517\" data-postid=\"1517\" class=\"themify_builder_content themify_builder_content-1517 themify_builder tf_clear\">\n                    <div  data-lazy=\"1\" class=\"module_row themify_builder_row tb_z1a7733 tb_first tf_w\">\n                        <div class=\"row_inner col_align_top tb_col_count_3 tf_box tf_rel\">\n                        <div  data-lazy=\"1\" class=\"module_column tb-column col3-1 tb_kk5m734 first\">\n                    <!-- module text -->\n<div  class=\"module module-text tb_2d6j660\" data-lazy=\"1\">\n        <div  class=\"tb_text_wrap\">\n        <p style=\"text-align: center;\"><span style=\"font-size: 18pt; color: #0000ff;\"><strong><u>Chirurgie de l\u2019endom\u00e9triose<\/u><\/strong><\/span><\/p>    <\/div>\n<\/div>\n<!-- \/module text -->        <\/div>\n                    <div  data-lazy=\"1\" class=\"module_column tb-column col3-1 tb_bgd5734\">\n                    <!-- module text -->\n<div  class=\"module module-text tb_qux5372\" data-lazy=\"1\">\n        <div  class=\"tb_text_wrap\">\n        <p style=\"text-align: center;\"><span style=\"font-size: 18pt; color: #0000ff;\"><strong><u>Chirurgie de l\u2019ad\u00e9nomyose<\/u><\/strong><\/span><\/p>    <\/div>\n<\/div>\n<!-- \/module text -->        <\/div>\n                    <div  data-lazy=\"1\" class=\"module_column tb-column col3-1 tb_6lwz734 last\">\n                    <!-- module text -->\n<div  class=\"module module-text tb_8dz3859\" data-lazy=\"1\">\n        <div  class=\"tb_text_wrap\">\n        <p style=\"text-align: center;\"><span style=\"font-size: 18pt; color: #0000ff;\"><strong><u>Chirurgie des kystes et fibromes<\/u><\/strong><\/span><\/p>    <\/div>\n<\/div>\n<!-- \/module text -->        <\/div>\n                        <\/div>\n        <\/div>\n                        <div  data-lazy=\"1\" class=\"module_row themify_builder_row tb_si2f487 tf_w\">\n                        <div class=\"row_inner col_align_top tb_col_count_1 tf_box tf_rel\">\n                        <div  data-lazy=\"1\" class=\"module_column tb-column col-full tb_tj4d488 first\">\n                    <!-- module text -->\n<div  class=\"module module-text tb_l7i9885\" data-lazy=\"1\">\n        <div  class=\"tb_text_wrap\">\n        <p><span style=\"font-size: 18pt;\"><strong>Mon histoire en bref <\/strong><\/span><\/p>\n<p><span style=\"font-size: 14pt;\">\u00a0<\/span><\/p>\n<p><span style=\"font-size: 14pt;\">J\u2019ai l\u2019endom\u00e9triose depuis pr\u00e8s de 30 ans. A cette \u00e9poque, l\u2019endom\u00e9triose \u00e9tait tr\u00e8s peu connu en m\u00e9decine.\u00a0<\/span><\/p>\n<p><span style=\"font-size: 14pt;\">\u00a0<\/span><\/p>\n<p><span style=\"font-size: 14pt;\">J\u2019ai \u00e9t\u00e9 diagnostiqu\u00e9e \u00e0 23 ans, 12 ans apr\u00e8s les premi\u00e8res menstruations qui \u00e9taient d\u00e9j\u00e0 tr\u00e8s douloureuses. La douleur \u00e9tait si insupportable au point de l\u2019\u00e9vanouissement de temps \u00e0 autres.\u00a0<\/span><span style=\"font-size: 14pt;\">J\u2019ai subi plusieurs interventions chirurgicales (environ 7) et je suis sous r\u00e9gime alimentaire endo depuis plus de 15 ans. R\u00e9gime alimentaire qui m\u2019a \u00e9norm\u00e9ment am\u00e9lior\u00e9 la vie quotidienne.<\/span><\/p>\n<p><span style=\"font-size: 14pt;\">\u00a0<\/span><\/p>\n<p><span style=\"font-size: 14pt;\">Mais le diagnostic de l\u2019ad\u00e9nomyose en 2015 a rendu le r\u00e9gime alimentaire et les vitamines de l\u2019endom\u00e9triose que je prends moins efficaces. En cons\u00e9quence, de multiples kystes et fibromes se sont d\u00e9velopp\u00e9s lentement mais s\u00fbrement jusqu\u2019\u00e0 que <b>la vie quotidienne redevienne mis\u00e9rable<\/b>.<\/span><\/p>\n<p><span style=\"font-size: 14pt;\">\u00a0<\/span><\/p>\n<p><span style=\"font-size: 14pt;\">Certains gyn\u00e9cologues ont recommend\u00e9 <b>hyst\u00e9rectomie<\/b> car\u00a0<strong>il n\u2019y a rien d\u2019autre qu\u2019ils puissent faire<\/strong>.<\/span><\/p>\n<p><span style=\"font-size: 14pt;\">J\u2019ai contact\u00e9 le <b>Nook docteur mi-2022<\/b> qui a parfaitement nettoy\u00e9 les kystes et fibromes lors de la chirurgie de l\u2019endom\u00e9triose qui a dur\u00e9 environ 5 heures; sans endommager mes organes. <\/span><\/p>\n<p><span style=\"font-size: 14pt;\">\u00a0<\/span><\/p>\n<p><b style=\"font-family: inherit; font-style: inherit; background-color: initial;\"><span style=\"font-size: 14pt;\">Voil\u00e0 pourquoi je pr\u00e9conise et recommande mon chirurgien gyn\u00e9cologue afin que vous puissiez obtenir une meilleure sant\u00e9 et jouir d\u2019un quotidien sans douleur.<\/span><span style=\"font-size: 12px; background-color: initial;\">\u00a0<\/span><\/b><\/p>    <\/div>\n<\/div>\n<!-- \/module text -->        <\/div>\n                        <\/div>\n        <\/div>\n                        <div  data-lazy=\"1\" class=\"module_row themify_builder_row tb_hsha923 tf_w\">\n                        <div class=\"row_inner col_align_top tb_col_count_1 tf_box tf_rel\">\n                        <div  data-lazy=\"1\" class=\"module_column tb-column col-full tb_x9vm923 first\">\n                    <!-- module text -->\n<div  class=\"module module-text tb_4uu3927  repeat\" data-lazy=\"1\">\n        <div  class=\"tb_text_wrap\">\n        <p style=\"text-align: center;\"><span style=\"font-size: 18pt; color: #ff0000;\"><strong>Un chirurgien Nook<\/strong><\/span><\/p>    <\/div>\n<\/div>\n<!-- \/module text -->        <\/div>\n                        <\/div>\n        <\/div>\n                        <div  data-lazy=\"1\" class=\"module_row themify_builder_row tb_mwtf332 tf_w\">\n                        <div class=\"row_inner col_align_top tb_col_count_1 tf_box tf_rel\">\n                        <div  data-lazy=\"1\" class=\"module_column tb-column col-full tb_6oc4333 first\">\n                    <!-- module text -->\n<div  class=\"module module-text tb_4r6f377\" data-lazy=\"1\">\n        <div  class=\"tb_text_wrap\">\n        <p><span style=\"font-size: 14.0pt; color: black;\"><strong>Un Nook docteur<\/strong> est un chirurgien hautement qualifi\u00e9 avec des comp\u00e9tences exceptionnelles en <strong>chirurgie de l\u2019endom\u00e9triose<\/strong>.\u00a0<\/span><\/p>\n<p><span style=\"font-size: 14pt; background-color: initial;\">Le <strong>niveau de connaissance<\/strong> de l\u2019endom\u00e9triose, doubl\u00e9 \u00e0 <strong>exp\u00e9rience des chirurgies de l\u2019endom\u00e9triose extr\u00eamement difficiles<\/strong> conduire ces quelques m\u00e9decins au mur de la renomm\u00e9e connu sous le nom de Nook docteurs; un terme qui provient de <\/span><a style=\"font-size: 14pt;\" href=\"http:\/\/nancysnookendo.com\">Nancy\u2019s Nook<\/a><span style=\"font-size: 14pt; background-color: initial;\">.<\/span><\/p>\n<p><span style=\"font-size: 14pt;\">La beaut\u00e9 de ces chirurgiens est qu\u2019ils sont \u00e9galement experts en chirurgie gyn\u00e9cologique: kystes cach\u00e9s ou fibromes encastr\u00e9s ne sont que des proc\u00e9dures simples pour eux.<\/span><\/p>    <\/div>\n<\/div>\n<!-- \/module text -->        <\/div>\n                        <\/div>\n        <\/div>\n                        <div  data-lazy=\"1\" class=\"module_row themify_builder_row tb_gaz5232 tf_w\">\n                        <div class=\"row_inner col_align_top tb_col_count_3 tf_box tf_rel\">\n                        <div  data-lazy=\"1\" class=\"module_column tb-column col3-1 tb_3llo234 first\">\n                    <!-- module image -->\n<div  class=\"module module-image tb_02nk525 image-top   tf_mw\" data-lazy=\"1\">\n        <div class=\"image-wrap tf_rel tf_mw\">\n            <img loading=\"lazy\" decoding=\"async\" src=\"http:\/\/www.angelsfriend.com\/wp-content\/uploads\/2022\/09\/Angels-Friend-endometriosis-2.jpg\" width=\"626\" height=\"418\" title=\"Chirurgie de l\u2019endom\u00e9triose\" alt=\"Endometriosis surgery\">    \n        <\/div>\n    <!-- \/image-wrap -->\n    \n        <\/div>\n<!-- \/module image -->        <\/div>\n                    <div  data-lazy=\"1\" class=\"module_column tb-column col3-1 tb_axdh234\">\n                    <!-- module image -->\n<div  class=\"module module-image tb_tz0i564 image-top   tf_mw\" data-lazy=\"1\">\n        <div class=\"image-wrap tf_rel tf_mw\">\n            <img loading=\"lazy\" decoding=\"async\" src=\"http:\/\/www.angelsfriend.com\/wp-content\/uploads\/2022\/09\/Angels-Friend-endometriosis-surgery-3.jpg\" width=\"640\" height=\"427\" title=\"Chirurgie de l\u2019endom\u00e9triose\" alt=\"Endometriosis surgery\">    \n        <\/div>\n    <!-- \/image-wrap -->\n    \n        <\/div>\n<!-- \/module image -->        <\/div>\n                    <div  data-lazy=\"1\" class=\"module_column tb-column col3-1 tb_ys25234 last\">\n                    <!-- module image -->\n<div  class=\"module module-image tb_edq7320 image-top   tf_mw\" data-lazy=\"1\">\n        <div class=\"image-wrap tf_rel tf_mw\">\n            <img loading=\"lazy\" decoding=\"async\" src=\"http:\/\/www.angelsfriend.com\/wp-content\/uploads\/2022\/09\/Angels-Friend-Endometriosis-surgery-nook-doctor.jpg\" width=\"1060\" height=\"708\" title=\"Chirurgie de l\u2019endom\u00e9triose\" alt=\"Endometriosis surgery\">    \n        <\/div>\n    <!-- \/image-wrap -->\n    \n        <\/div>\n<!-- \/module image -->        <\/div>\n                        <\/div>\n        <\/div>\n                        <div  data-lazy=\"1\" class=\"module_row themify_builder_row tb_gm08320 tf_w\">\n                        <div class=\"row_inner col_align_top tb_col_count_3 tf_box tf_rel\">\n                        <div  data-lazy=\"1\" class=\"module_column tb-column col3-1 tb_9shy321 first\">\n                    <!-- module text -->\n<div  class=\"module module-text tb_1uah985\" data-lazy=\"1\">\n        <div  class=\"tb_text_wrap\">\n        <p><span style=\"font-size: 18.6667px;\"><span style=\"background-color: initial; font-size: 18.6667px;\"><strong>Excision<\/strong> est connue comme la meilleure<\/span>technique utilis\u00e9e pour enlever l\u2019endom\u00e9triose pendant la chirurgie<\/span><\/p>    <\/div>\n<\/div>\n<!-- \/module text -->        <\/div>\n                    <div  data-lazy=\"1\" class=\"module_column tb-column col3-1 tb_u6ei164\">\n                    <!-- module text -->\n<div  class=\"module module-text tb_24q2324\" data-lazy=\"1\">\n        <div  class=\"tb_text_wrap\">\n        <p><span style=\"font-size: 18.6667px;\">Votre chirurgie de l\u2019endom\u00e9triose est d\u00e9j\u00e0 un succ\u00e8s avant qu\u2019elle ne commence avec notre Nook docteur<\/span><\/p>    <\/div>\n<\/div>\n<!-- \/module text -->        <\/div>\n                    <div  data-lazy=\"1\" class=\"module_column tb-column col3-1 tb_f6wp164 last\">\n                    <!-- module text -->\n<div  class=\"module module-text tb_9sv9181\" data-lazy=\"1\">\n        <div  class=\"tb_text_wrap\">\n        <p style=\"text-align: left;\"><span style=\"font-size: 18.6667px;\">Un Nook docteur fait partie des <strong>num\u00e9ros UN<\/strong> en chirurgie de l\u2019endom\u00e9triose pour les cas d\u00e9sesp\u00e9r\u00e9s\u00a0<\/span><\/p>    <\/div>\n<\/div>\n<!-- \/module text -->        <\/div>\n                        <\/div>\n        <\/div>\n                        <div  data-lazy=\"1\" class=\"module_row themify_builder_row tb_5lkc906 tf_w\">\n                        <div class=\"row_inner col_align_top tb_col_count_1 tf_box tf_rel\">\n                        <div  data-lazy=\"1\" class=\"module_column tb-column col-full tb_inyl907 first\">\n                    <!-- module image -->\n<div  class=\"module module-image tb_3dpy905 image-top   tf_mw\" data-lazy=\"1\">\n        <div class=\"image-wrap tf_rel tf_mw\">\n                \n        <\/div>\n    <!-- \/image-wrap -->\n    \n        <\/div>\n<!-- \/module image --><!-- module text -->\n<div  class=\"module module-text tb_w2gd187  repeat\" data-lazy=\"1\">\n        <div  class=\"tb_text_wrap\">\n        <p style=\"text-align: center;\"><span style=\"font-size: 18pt;\"><strong>La simplicit\u00e9 de la proc\u00e9dure, la s\u00fbret\u00e9 de r\u00e9ussite, une vie agr\u00e9able sans douleurs gr\u00e2ce \u00e0 notre docteur<\/strong><\/span><\/p>    <\/div>\n<\/div>\n<!-- \/module text -->        <\/div>\n                        <\/div>\n        <\/div>\n        <\/div>\n<!--\/themify_builder_content--><\/div>","protected":false},"excerpt":{"rendered":"Endometriosis surgery Adenomyosis surgery Cysts and fibroids surgery My story at a glance: \u00a0 I have had endometriosis for close to 30 years. In the old days, endometriosis was a grey area in medicine.\u00a0 \u00a0 I was diagnosed with endometrioma at 23 years old, 12 years after the first menstruation and that was already very<p><a href=\"https:\/\/www.angelsfriend.com\/fr\/endometriosis-surgery\/\" class=\"more-link themebutton\">Read More<\/a><\/p>","protected":false},"author":1,"featured_media":0,"parent":0,"menu_order":0,"comment_status":"closed","ping_status":"closed","template":"","meta":{"footnotes":""},"class_list":["post-1517","page","type-page","status-publish","hentry"],"builder_content":"<p style=\"text-align: center;\"><strong><u>Endometriosis surgery<\/u><\/strong><\/p>\n<p style=\"text-align: center;\"><strong><u>Adenomyosis surgery<\/u><\/strong><\/p>\n<p style=\"text-align: center;\"><strong><u>Cysts and fibroids surgery<\/u><\/strong><\/p>\n<p><strong>My story at a glance: <\/strong><\/p> <p>\u00a0<\/p> <p>I have had endometriosis for close to 30 years. In the old days, endometriosis was a grey area in medicine.\u00a0<\/p> <p>\u00a0<\/p> <p>I was diagnosed with endometrioma at 23 years old, 12 years after the first menstruation and that was already very painful. The pain was so unbearable that I passed out sometimes.\u00a0I have had a few surgeries since then and have been under endo diet for more than 15 years which helped tremendously with the lifestyle.<\/p> <p>\u00a0<\/p> <p>But I was diagnosed with adenomyosis in 2015, which made the diet and the endometriosis vitamins that I have been taken less effective. As a result, multiple cysts and fibroids developed slowly but surely till my <b>daily life became miserable yet again<\/b>.<\/p> <p>\u00a0<\/p> <p>A few gynecologists recommended <b>hysterectomy<\/b> as they confirmed that\u00a0<strong>there is nothing else they could do<\/strong>.<\/p> <p>I contacted the <b>Nook doctor mid 2022<\/b> who perfectly cleaned up the cysts and fibroids during the endometriosis surgery that lasted about 5 hours and without touching my own organs. <\/p> <p>\u00a0<\/p> <p><b style=\"font-family: inherit; font-style: inherit; background-color: initial;\">Today I am advocating and recommending my surgeon to you so that you can reach the same level of health and daily lifestyle.\u00a0<\/b><\/p>\n<p style=\"text-align: center;\"><strong>A Nook surgeon<\/strong><\/p>\n<p><strong>A Nook doctor<\/strong> is a highly qualified surgeon with outstanding skills in <strong>endometriosis surgery<\/strong>.\u00a0<\/p> <p>The <strong>level of knowledge<\/strong> in endometriosis coupled with the <strong>experience of extremely challenging endometriosis surgeries<\/strong> drive these few doctors to the wall of fame known as Nook doctors; a term that originate from <a style=\"font-size: 14pt;\" href=\"http:\/\/nancysnookendo.com\">Nancy's Nook<\/a>.<\/p> <p>The beauty of these surgeons is that they are also expert in gynecology: hidden cysts or fibroids surgery are just simple procedures to them.<\/p>\n<img src=\"http:\/\/www.angelsfriend.com\/wp-content\/uploads\/2022\/09\/Angels-Friend-endometriosis-2.jpg\" width=\"626\" height=\"418\" title=\"Endometriosis surgery\" alt=\"Endometriosis surgery\">\n<img src=\"http:\/\/www.angelsfriend.com\/wp-content\/uploads\/2022\/09\/Angels-Friend-endometriosis-surgery-3.jpg\" width=\"640\" height=\"427\" title=\"Endometriosis surgery\" alt=\"Endometriosis surgery\">\n<img src=\"http:\/\/www.angelsfriend.com\/wp-content\/uploads\/2022\/09\/Angels-Friend-Endometriosis-surgery-nook-doctor.jpg\" width=\"1060\" height=\"708\" title=\"Endometriosis surgery\" alt=\"Endometriosis surgery\">\n<p><strong>Excision<\/strong> is known as the best technique used to remove endometriosis during surgery<\/p>\n<p>Your endometriosis surgery is already a success before it starts with our Nook's doctor<\/p>\n<p style=\"text-align: left;\">A Nook's doctor is among the <strong>number one<\/strong> in endometriosis surgery for desperate cases\u00a0<\/p>\n\n<p style=\"text-align: center;\"><strong>Just get your lifestyle and health back from any gynecology surgery you may need<\/strong><\/p>","_links":{"self":[{"href":"https:\/\/www.angelsfriend.com\/fr\/wp-json\/wp\/v2\/pages\/1517","targetHints":{"allow":["GET"]}}],"collection":[{"href":"https:\/\/www.angelsfriend.com\/fr\/wp-json\/wp\/v2\/pages"}],"about":[{"href":"https:\/\/www.angelsfriend.com\/fr\/wp-json\/wp\/v2\/types\/page"}],"author":[{"embeddable":true,"href":"https:\/\/www.angelsfriend.com\/fr\/wp-json\/wp\/v2\/users\/1"}],"replies":[{"embeddable":true,"href":"https:\/\/www.angelsfriend.com\/fr\/wp-json\/wp\/v2\/comments?post=1517"}],"version-history":[{"count":33,"href":"https:\/\/www.angelsfriend.com\/fr\/wp-json\/wp\/v2\/pages\/1517\/revisions"}],"predecessor-version":[{"id":2489,"href":"https:\/\/www.angelsfriend.com\/fr\/wp-json\/wp\/v2\/pages\/1517\/revisions\/2489"}],"wp:attachment":[{"href":"https:\/\/www.angelsfriend.com\/fr\/wp-json\/wp\/v2\/media?parent=1517"}],"curies":[{"name":"wp","href":"https:\/\/api.w.org\/{rel}","templated":true}]}}