{"id":1437,"date":"2022-09-17T06:35:47","date_gmt":"2022-09-17T04:35:47","guid":{"rendered":"https:\/\/www.angelsfriend.com\/?page_id=1437"},"modified":"2023-07-17T02:45:44","modified_gmt":"2023-07-17T00:45:44","slug":"orthopedic-surgery","status":"publish","type":"page","link":"https:\/\/www.angelsfriend.com\/fr\/orthopedic-surgery\/","title":{"rendered":"Chirurgie orthop\u00e9dique"},"content":{"rendered":"<div class=\"wp-blockade\"><div class=\"wp-blockade\"><!--themify_builder_content-->\n<div id=\"themify_builder_content-1437\" data-postid=\"1437\" class=\"themify_builder_content themify_builder_content-1437 themify_builder tf_clear\">\n                    <div  data-lazy=\"1\" class=\"module_row themify_builder_row tb_bq7g260 tb_first tf_w\">\n                        <div class=\"row_inner col_align_top tb_col_count_2 tf_box tf_rel\">\n                        <div  data-lazy=\"1\" class=\"module_column tb-column tb_clrq260 first\">\n                    <!-- module image -->\n<div  class=\"module module-image tb_2ibb516 image-top   tf_mw\" data-lazy=\"1\">\n        <div class=\"image-wrap tf_rel tf_mw\">\n            <img loading=\"lazy\" decoding=\"async\" src=\"http:\/\/www.angelsfriend.com\/wp-content\/uploads\/2022\/09\/Angels-Friend-Orthopaedic-surgery-1.jpg\" width=\"626\" height=\"418\" title=\"Chirurgie orthop\u00e9dique\" alt=\"Orthopedic surgery\">    \n        <\/div>\n    <!-- \/image-wrap -->\n    \n        <\/div>\n<!-- \/module image -->        <\/div>\n                    <div  data-lazy=\"1\" class=\"module_column tb-column tb_6wjs261 last\">\n                    <!-- module text -->\n<div  class=\"module module-text tb_bopd381\" data-lazy=\"1\">\n        <div  class=\"tb_text_wrap\">\n        <p><strong>L'Agence M\u00e9dicale Angels Friend<\/strong> r\u00e9alise essentiellement des chirurgies orthop\u00e9diques courantes notamment les techniques chirurgicales des genoux, des hanches, des \u00e9paules, de la moelle \u00e9pini\u00e8re et de l'arthroscopie.<\/p>    <\/div>\n<\/div>\n<!-- \/module text -->        <\/div>\n                        <\/div>\n        <\/div>\n                        <div  data-lazy=\"1\" class=\"module_row themify_builder_row tb_18o088 tf_w\">\n                        <div class=\"row_inner col_align_top tb_col_count_2 tf_box tf_rel\">\n                        <div  data-lazy=\"1\" class=\"module_column tb-column tb_veps88 first\">\n                    <!-- module image -->\n<div  class=\"module module-image tb_jkke701 image-top   tf_mw\" data-lazy=\"1\">\n        <div class=\"image-wrap tf_rel tf_mw\">\n            <img loading=\"lazy\" decoding=\"async\" src=\"http:\/\/www.angelsfriend.com\/wp-content\/uploads\/2022\/09\/Angels-Friend-Orthopaedic-surgery.jpg\" width=\"602\" height=\"537\" title=\"Chirurgie orthop\u00e9dique\" alt=\"Orthopedic surgery\">    \n        <\/div>\n    <!-- \/image-wrap -->\n    \n        <\/div>\n<!-- \/module image -->        <\/div>\n                    <div  data-lazy=\"1\" class=\"module_column tb-column tb_f1zq89 last\">\n                    <!-- module text -->\n<div  class=\"module module-text tb_22j1835\" data-lazy=\"1\">\n        <div  class=\"tb_text_wrap\">\n        <h3 class=\"module-title\" style=\"font-family: 'Open Sans', Helvetica, Arial; font-style: normal; color: #000000;\" data-name=\"mod_title_text\"><strong>Chirurgies<\/strong><\/h3>    <\/div>\n<\/div>\n<!-- \/module text --><!-- module text -->\n<div  class=\"module module-text tb_d1zh140\" data-lazy=\"1\">\n        <div  class=\"tb_text_wrap\">\n        <ul style=\"list-style-type: square;\">\n<li><span style=\"font-size: 18pt;\">Genou<\/span><\/li>\n<li><span style=\"font-size: 18pt;\">Hanches<\/span><\/li>\n<li><span style=\"font-size: 18pt;\">\u00c9paule<\/span><\/li>\n<li><span style=\"font-size: 18pt;\">Moelle \u00e9pini\u00e8re<\/span><\/li>\n<\/ul>    <\/div>\n<\/div>\n<!-- \/module text -->        <\/div>\n                        <\/div>\n        <\/div>\n                        <div  data-lazy=\"1\" class=\"module_row themify_builder_row tb_k3r7107 tf_w\">\n                        <div class=\"row_inner col_align_top tb_col_count_2 tf_box tf_rel\">\n                        <div  data-lazy=\"1\" class=\"module_column tb-column tb_u8vf109 first\">\n                    <!-- module image -->\n<div  class=\"module module-image tb_2867236 image-top   tf_mw\" data-lazy=\"1\">\n        <div class=\"image-wrap tf_rel tf_mw\">\n            <img loading=\"lazy\" decoding=\"async\" src=\"http:\/\/www.angelsfriend.com\/wp-content\/uploads\/2022\/09\/Angels-Friend-Orthopaedic-neck-injury-scaled.jpg\" width=\"2560\" height=\"1707\" title=\"Chirurgie orthop\u00e9dique\" alt=\"Orthopedic surgery\">    \n        <\/div>\n    <!-- \/image-wrap -->\n    \n        <\/div>\n<!-- \/module image -->        <\/div>\n                    <div  data-lazy=\"1\" class=\"module_column tb-column tb_ycyt109 last\">\n                    <!-- module text -->\n<div  class=\"module module-text tb_xbsl818  repeat\" data-lazy=\"1\">\n        <div  class=\"tb_text_wrap\">\n        <div>\n<h3 class=\"module-title\" style=\"font-family: 'Open Sans', Helvetica, Arial; font-style: normal; color: #000000;\" data-name=\"mod_title_text\"><strong>Arthroscopie<\/strong><\/h3>\n<\/div>    <\/div>\n<\/div>\n<!-- \/module text --><!-- module text -->\n<div  class=\"module module-text tb_6mo795\" data-lazy=\"1\">\n        <div  class=\"tb_text_wrap\">\n        <ul>\n<li><span style=\"font-size: 18pt;\">Genoux<\/span><\/li>\n<li><span style=\"font-size: 18pt;\">Moelle \u00e9pini\u00e8re<\/span><\/li>\n<li><span style=\"font-size: 18pt;\">Hanches<\/span><\/li>\n<li><span style=\"font-size: 18pt;\">\u00c9paule<\/span><\/li>\n<li><span style=\"font-size: 18pt;\">Cheville<\/span><\/li>\n<\/ul>    <\/div>\n<\/div>\n<!-- \/module text -->        <\/div>\n                        <\/div>\n        <\/div>\n                        <div  data-lazy=\"1\" class=\"module_row themify_builder_row tb_7p8z153 tf_w\">\n                        <div class=\"row_inner col_align_top tb_col_count_2 tf_box tf_rel\">\n                        <div  data-lazy=\"1\" class=\"module_column tb-column tb_fxs7154 first\">\n                    <!-- module image -->\n<div  class=\"module module-image tb_4ohh596 image-top   tf_mw\" data-lazy=\"1\">\n        <div class=\"image-wrap tf_rel tf_mw\">\n            <img loading=\"lazy\" decoding=\"async\" src=\"http:\/\/www.angelsfriend.com\/wp-content\/uploads\/2022\/09\/Angels-Friend-orthopaedic.jpg\" width=\"640\" height=\"427\" title=\"Chirurgie orthop\u00e9dique\" alt=\"Orthopedic surgery\">    \n        <\/div>\n    <!-- \/image-wrap -->\n    \n        <\/div>\n<!-- \/module image -->        <\/div>\n                    <div  data-lazy=\"1\" class=\"module_column tb-column tb_vzcz154 last\">\n                    <!-- module text -->\n<div  class=\"module module-text tb_1i6r855  repeat\" data-lazy=\"1\">\n        <div  class=\"tb_text_wrap\">\n        <div>\n<h3 class=\"module-title\" style=\"font-family: 'Open Sans', Helvetica, Arial; font-style: normal; color: #000000;\" data-name=\"mod_title_text\"><strong>Soins de premi\u00e8re classe<\/strong><\/h3>\n<\/div>    <\/div>\n<\/div>\n<!-- \/module text --><!-- module text -->\n<div  class=\"module module-text tb_r1al590\" data-lazy=\"1\">\n        <div  class=\"tb_text_wrap\">\n        <p><span style=\"font-size: 18pt;\"><span style=\"font-size: 14pt;\">Nos patients re\u00e7oivent un service de soins de premi\u00e8re classe, y compris notre implication active dans:<\/span><\/span><\/p>    <\/div>\n<\/div>\n<!-- \/module text --><!-- module text -->\n<div  class=\"module module-text tb_58q288\" data-lazy=\"1\">\n        <div  class=\"tb_text_wrap\">\n        <ul style=\"list-style-type: circle;\">\n<li><span style=\"font-size: 18pt;\">Demande de visa<\/span><\/li>\n<li><span style=\"font-size: 18pt;\">Organisation des rendez-vous cliniques<\/span><\/li>\n<li><span style=\"font-size: 18pt;\">R\u00e9servation des billets d'avion<\/span><\/li>\n<li><span style=\"font-size: 18pt;\">R\u00e9servation d'hotel<\/span><\/li>\n<li><span style=\"font-size: 18pt;\">Organisation compl\u00e8te du traitement<\/span><\/li>\n<\/ul>    <\/div>\n<\/div>\n<!-- \/module text -->        <\/div>\n                        <\/div>\n        <\/div>\n        <\/div>\n<!--\/themify_builder_content--><\/div><\/div>","protected":false},"excerpt":{"rendered":"Angels Friend Medical Agency provides essentially common orthopedic surgeries in particular knees, hips, shoulders, spinal cord and arthroscopy techniques. Surgeries Knee Hips Shoulder Spinal cord Arthroscopy Knees Spinal cord Hips Shoulder Ankle First-class care Our patients received the first-class care service including our active involvement in: Visa application All clinic appointments Flight booking Hotel booking<p><a href=\"https:\/\/www.angelsfriend.com\/fr\/orthopedic-surgery\/\" class=\"more-link themebutton\">Read More<\/a><\/p>","protected":false},"author":1,"featured_media":0,"parent":0,"menu_order":0,"comment_status":"closed","ping_status":"closed","template":"","meta":{"footnotes":""},"class_list":["post-1437","page","type-page","status-publish","hentry"],"builder_content":"<img src=\"http:\/\/www.angelsfriend.com\/wp-content\/uploads\/2022\/09\/Angels-Friend-Orthopaedic-surgery-1.jpg\" width=\"626\" height=\"418\" title=\"Orthopedic surgery\" alt=\"Orthopedic surgery\">\n<p><strong>Angels Friend Medical Agency<\/strong> provides essentially common orthopedic surgeries in particular knees, hips, shoulders, spinal cord and arthroscopy techniques.<\/p>\n<img src=\"http:\/\/www.angelsfriend.com\/wp-content\/uploads\/2022\/09\/Angels-Friend-Orthopaedic-surgery.jpg\" width=\"602\" height=\"537\" title=\"Orthopedic surgery\" alt=\"Orthopedic surgery\">\n<h3 style=\"font-family: 'Open Sans', Helvetica, Arial; font-style: normal; color: #000000;\" data-name=\"mod_title_text\"><strong>Surgeries<\/strong><\/h3>\n<ul style=\"list-style-type: square;\"> <li>Knee<\/li> <li>Hips<\/li> <li>Shoulder<\/li> <li>Spinal cord<\/li> <\/ul>\n<img src=\"http:\/\/www.angelsfriend.com\/wp-content\/uploads\/2022\/09\/Angels-Friend-Orthopaedic-neck-injury-scaled.jpg\" width=\"2560\" height=\"1707\" title=\"Orthopedic surgery\" alt=\"Orthopedic surgery\">\n<h3 style=\"font-family: 'Open Sans', Helvetica, Arial; font-style: normal; color: #000000;\" data-name=\"mod_title_text\"><strong>Arthroscopy<\/strong><\/h3>\n<ul> <li>Knees<\/li> <li>Spinal cord<\/li> <li>Hips<\/li> <li>Shoulder<\/li> <li>Ankle<\/li> <\/ul>\n<img src=\"http:\/\/www.angelsfriend.com\/wp-content\/uploads\/2022\/09\/Angels-Friend-orthopaedic.jpg\" width=\"640\" height=\"427\" title=\"Orthopedic surgery\" alt=\"Orthopedic surgery\">\n<h3 style=\"font-family: 'Open Sans', Helvetica, Arial; font-style: normal; color: #000000;\" data-name=\"mod_title_text\"><strong>First-class care<\/strong><\/h3>\n<p>Our patients received the first-class care service including our active involvement in:<\/p>\n<ul style=\"list-style-type: circle;\"> <li>Visa application<\/li> <li>All clinic appointments<\/li> <li>Flight booking<\/li> <li>Hotel booking<\/li> <li>Full journey organisation<\/li> <\/ul>","_links":{"self":[{"href":"https:\/\/www.angelsfriend.com\/fr\/wp-json\/wp\/v2\/pages\/1437","targetHints":{"allow":["GET"]}}],"collection":[{"href":"https:\/\/www.angelsfriend.com\/fr\/wp-json\/wp\/v2\/pages"}],"about":[{"href":"https:\/\/www.angelsfriend.com\/fr\/wp-json\/wp\/v2\/types\/page"}],"author":[{"embeddable":true,"href":"https:\/\/www.angelsfriend.com\/fr\/wp-json\/wp\/v2\/users\/1"}],"replies":[{"embeddable":true,"href":"https:\/\/www.angelsfriend.com\/fr\/wp-json\/wp\/v2\/comments?post=1437"}],"version-history":[{"count":18,"href":"https:\/\/www.angelsfriend.com\/fr\/wp-json\/wp\/v2\/pages\/1437\/revisions"}],"predecessor-version":[{"id":2491,"href":"https:\/\/www.angelsfriend.com\/fr\/wp-json\/wp\/v2\/pages\/1437\/revisions\/2491"}],"wp:attachment":[{"href":"https:\/\/www.angelsfriend.com\/fr\/wp-json\/wp\/v2\/media?parent=1437"}],"curies":[{"name":"wp","href":"https:\/\/api.w.org\/{rel}","templated":true}]}}